{"id":8558,"date":"2014-04-24T10:13:44","date_gmt":"2014-04-24T09:13:44","guid":{"rendered":"http:\/\/www.100marathonclub.at\/?page_id=8558"},"modified":"2014-12-28T14:04:47","modified_gmt":"2014-12-28T13:04:47","slug":"mitglieder-ranking-tabelle-2014","status":"publish","type":"page","link":"http:\/\/www.100marathonclub.at\/?page_id=8558","title":{"rendered":"Ranking 2014"},"content":{"rendered":"<p>Die nachfolgende rein numerische \u00dcbersichtstabelle ohne inhaltliche Angaben (Ort und Laufzeit)\u00a0basiert auf der Grundlage der in den Statuten\u00a0 des 100 Marathon Club Austria\u00a0 angef\u00fchrten Vorgaben f\u00fcr die Z\u00e4hlstatistik, die bspw. mit jener des deutschen 100 Marathon Clubs weitgehend konform geht. Eine globale Datenbankl\u00f6sung (wie gehabt) wird auch in Zukunft angestrebt. Konkret lassen sich die meisten Laufergebnisse auf den Veranstalterseiten nachlesen, sodass\u00a0auf den Portraitseiten der Mitglieder\u00a0entsprechende Links\u00a0eingef\u00fcgt werden k\u00f6nnen.<\/p>\n\n<table id=\"tablepress-58\" class=\"tablepress tablepress-id-58\">\n<thead>\n<tr class=\"row-1 odd\">\n\t<th class=\"column-1\">Vorname<\/th><th class=\"column-2\">Nachname<\/th><th class=\"column-3\">Marathon<\/th><th class=\"column-4\">Ultras<\/th><th class=\"column-5\">Gesamt<\/th><th class=\"column-6\">Datum<\/th>\n<\/tr>\n<\/thead>\n<tbody class=\"row-hover\">\n<tr class=\"row-2 even\">\n\t<td class=\"column-1\">Werner<\/td><td class=\"column-2\">Kroer<\/td><td class=\"column-3\">29<\/td><td class=\"column-4\">1<\/td><td class=\"column-5\">30<\/td><td class=\"column-6\">20.12.14<\/td>\n<\/tr>\n<tr class=\"row-3 odd\">\n\t<td class=\"column-1\">Gerhard<\/td><td class=\"column-2\">Wally<\/td><td class=\"column-3\">21<\/td><td class=\"column-4\">0<\/td><td class=\"column-5\">21<\/td><td class=\"column-6\">16.11.14<\/td>\n<\/tr>\n<tr class=\"row-4 even\">\n\t<td class=\"column-1\">Josef<\/td><td class=\"column-2\">St\u00f6ger<\/td><td class=\"column-3\">8<\/td><td class=\"column-4\">11<\/td><td class=\"column-5\">19<\/td><td class=\"column-6\">15.11.14<\/td>\n<\/tr>\n<tr class=\"row-5 odd\">\n\t<td class=\"column-1\">Ernst <\/td><td class=\"column-2\">Fink<\/td><td class=\"column-3\">15<\/td><td class=\"column-4\">0<\/td><td class=\"column-5\">15<\/td><td class=\"column-6\">09.11.14<\/td>\n<\/tr>\n<tr class=\"row-6 even\">\n\t<td class=\"column-1\">Ambros<\/td><td class=\"column-2\">M\u00fchlbachler<\/td><td class=\"column-3\">2<\/td><td class=\"column-4\">7<\/td><td class=\"column-5\">9<\/td><td class=\"column-6\">29.08.14<\/td>\n<\/tr>\n<tr class=\"row-7 odd\">\n\t<td class=\"column-1\">Bernhard<\/td><td class=\"column-2\">Keiler<\/td><td class=\"column-3\">9<\/td><td class=\"column-4\">0<\/td><td class=\"column-5\">9<\/td><td class=\"column-6\">09.11.14<\/td>\n<\/tr>\n<tr class=\"row-8 even\">\n\t<td class=\"column-1\">Helmut<\/td><td class=\"column-2\">Linzbichler<\/td><td class=\"column-3\">7<\/td><td class=\"column-4\">0<\/td><td class=\"column-5\">7<\/td><td class=\"column-6\">12.10.14<\/td>\n<\/tr>\n<tr class=\"row-9 odd\">\n\t<td class=\"column-1\">Eveline <\/td><td class=\"column-2\">Rac<\/td><td class=\"column-3\">5<\/td><td class=\"column-4\">1<\/td><td class=\"column-5\">7<\/td><td class=\"column-6\">26.05.14<\/td>\n<\/tr>\n<tr class=\"row-10 even\">\n\t<td class=\"column-1\">Martin<\/td><td class=\"column-2\">Zehentner<\/td><td class=\"column-3\">2<\/td><td class=\"column-4\">4<\/td><td class=\"column-5\">6<\/td><td class=\"column-6\">01.11.14<br \/>\n<\/td>\n<\/tr>\n<tr class=\"row-11 odd\">\n\t<td class=\"column-1\">Michael<\/td><td class=\"column-2\">Dorfst\u00e4tter<\/td><td class=\"column-3\">4<\/td><td class=\"column-4\">0<\/td><td class=\"column-5\">4<\/td><td class=\"column-6\">19.10.14<\/td>\n<\/tr>\n<tr class=\"row-12 even\">\n\t<td class=\"column-1\">Bernhard<\/td><td class=\"column-2\">Bruckner<\/td><td class=\"column-3\">3<\/td><td class=\"column-4\">1<\/td><td class=\"column-5\">4<\/td><td class=\"column-6\">01.11.14<\/td>\n<\/tr>\n<tr class=\"row-13 odd\">\n\t<td class=\"column-1\">J\u00e9r\u00f4me <\/td><td class=\"column-2\">Segal<\/td><td class=\"column-3\">2<\/td><td class=\"column-4\">2<\/td><td class=\"column-5\">4<\/td><td class=\"column-6\">31.12.14<\/td>\n<\/tr>\n<tr class=\"row-14 even\">\n\t<td class=\"column-1\">Manfred <\/td><td class=\"column-2\">Weiss<\/td><td class=\"column-3\">3<\/td><td class=\"column-4\">0<\/td><td class=\"column-5\">3<\/td><td class=\"column-6\">13.09.14<\/td>\n<\/tr>\n<tr class=\"row-15 odd\">\n\t<td class=\"column-1\">Michael<\/td><td class=\"column-2\">Reichetzeder<\/td><td class=\"column-3\">1<\/td><td class=\"column-4\">0<\/td><td class=\"column-5\">1<\/td><td class=\"column-6\">13.04.14<\/td>\n<\/tr>\n<tr class=\"row-16 even\">\n\t<td class=\"column-1\">Thomas<\/td><td class=\"column-2\">Lanz<\/td><td class=\"column-3\">1<\/td><td class=\"column-4\">0<\/td><td class=\"column-5\">1<\/td><td class=\"column-6\">13.04.14<\/td>\n<\/tr>\n<tr class=\"row-17 odd\">\n\t<td class=\"column-1\">Siegfried<\/td><td class=\"column-2\">Soell<\/td><td class=\"column-3\">0<\/td><td class=\"column-4\">0<\/td><td class=\"column-5\">0<\/td><td class=\"column-6\">24.04.14<\/td>\n<\/tr>\n<\/tbody>\n<\/table>\n<!-- #tablepress-58 from cache -->\n","protected":false},"excerpt":{"rendered":"<p>Die nachfolgende rein numerische \u00dcbersichtstabelle ohne inhaltliche Angaben (Ort und Laufzeit)\u00a0basiert auf der Grundlage der in den Statuten\u00a0 des 100 Marathon Club Austria\u00a0 angef\u00fchrten Vorgaben f\u00fcr die Z\u00e4hlstatistik, die bspw. mit jener des deutschen 100 Marathon Clubs weitgehend konform geht. Eine globale Datenbankl\u00f6sung (wie gehabt) wird auch in Zukunft angestrebt. Konkret lassen sich die meisten &hellip; <a href=\"http:\/\/www.100marathonclub.at\/?page_id=8558\" class=\"more-link\"><span class=\"screen-reader-text\">Ranking 2014<\/span> weiterlesen <span class=\"meta-nav\">&rarr;<\/span><\/a><\/p>\n","protected":false},"author":1,"featured_media":0,"parent":0,"menu_order":0,"comment_status":"closed","ping_status":"closed","template":"","meta":[],"_links":{"self":[{"href":"http:\/\/www.100marathonclub.at\/index.php?rest_route=\/wp\/v2\/pages\/8558"}],"collection":[{"href":"http:\/\/www.100marathonclub.at\/index.php?rest_route=\/wp\/v2\/pages"}],"about":[{"href":"http:\/\/www.100marathonclub.at\/index.php?rest_route=\/wp\/v2\/types\/page"}],"author":[{"embeddable":true,"href":"http:\/\/www.100marathonclub.at\/index.php?rest_route=\/wp\/v2\/users\/1"}],"replies":[{"embeddable":true,"href":"http:\/\/www.100marathonclub.at\/index.php?rest_route=%2Fwp%2Fv2%2Fcomments&post=8558"}],"version-history":[{"count":5,"href":"http:\/\/www.100marathonclub.at\/index.php?rest_route=\/wp\/v2\/pages\/8558\/revisions"}],"predecessor-version":[{"id":9549,"href":"http:\/\/www.100marathonclub.at\/index.php?rest_route=\/wp\/v2\/pages\/8558\/revisions\/9549"}],"wp:attachment":[{"href":"http:\/\/www.100marathonclub.at\/index.php?rest_route=%2Fwp%2Fv2%2Fmedia&parent=8558"}],"curies":[{"name":"wp","href":"https:\/\/api.w.org\/{rel}","templated":true}]}}