{"id":7250,"date":"2013-09-19T07:27:52","date_gmt":"2013-09-19T06:27:52","guid":{"rendered":"http:\/\/www.100marathonclub.at\/?page_id=7250"},"modified":"2024-01-18T15:24:44","modified_gmt":"2024-01-18T14:24:44","slug":"andreas-kapui","status":"publish","type":"page","link":"http:\/\/www.100marathonclub.at\/?page_id=7250","title":{"rendered":"Andreas Kapui"},"content":{"rendered":"<p><a href=\"http:\/\/www.100marathonclub.at\/wp-content\/uploads\/32.jpg\" data-rel=\"lightbox-image-0\" data-rl_title=\"\" data-rl_caption=\"\" title=\"\"><img loading=\"lazy\" class=\"alignnone size-medium wp-image-7329\" src=\"http:\/\/www.100marathonclub.at\/wp-content\/uploads\/32-300x199.jpg\" alt=\"32\" width=\"300\" height=\"199\" srcset=\"http:\/\/www.100marathonclub.at\/wp-content\/uploads\/32-300x199.jpg 300w, http:\/\/www.100marathonclub.at\/wp-content\/uploads\/32.jpg 912w\" sizes=\"(max-width: 300px) 100vw, 300px\" \/><\/a><\/p>\n<p><a href=\"http:\/\/pseudolaeufer.jimdo.com\/\">http:\/\/pseudolaeufer.jimdo.com\/<\/a><\/p>\n<p>&nbsp;<\/p>\n<p><span style=\"font-family: comic sans ms,sans-serif;\">Gr\u00fc\u00df Euch!<\/span><\/p>\n<p><span style=\"font-family: comic sans ms,sans-serif;\">Und warum? \u201eWieso l\u00e4ufst du so viel?\u201c Da habe ich einige Standardantworten parat. Kalorienverbrauch, \u201eUHU\u201c bleiben, Masochismus, u.v.m. ! Das ist nur ein Teil der Wahrheit.<\/span><\/p>\n<p><span style=\"font-family: comic sans ms,sans-serif;\">Freilich gibt`s gute Tage wo es l\u00e4uft. Oft besch\u00e4ftigen mich \u00fcber Stunden beim Lauf diverse Befindlichkeiten und nicht selten sage ich mir: \u201e Nie wieder!\u201c. Doch da ich aus Schaden nicht klug werde sind mir Pein, Schmerz und Qual bald nicht mehr erinnerlich. Nur das befriedigende Gef\u00fchl der erbrachten Leistung manifestiert sich und wird mir zur Sucht!<\/span><\/p>\n<p><span style=\"font-family: comic sans ms,sans-serif;\">Bis dato habe ich fast \u00fcberall irgendwie das Ziel erreicht. Beim Traunsteinlauf (XII) wurde ich in Ebensee wegen Zeit\u00fcberschreitung \u00a0mit etlichen Blessuren aus dem Rennen genommen. Das war mein Super-Gau. Nach einer Runde schwang ich beim Mozart 100 (XIV) wegen \u00dcberm\u00fcdung ab. Eine hartn\u00e4ckige Fu\u00dfverletzung verursachte beim Dirnltal Extrem (XIV) mein bislang drittes DNF &#8211; Resultat! Der K\u00f6rper regenerierte zwar, aber mental blieben Leere &amp; Lehre!<\/span><\/p>\n<p><span style=\"font-family: comic sans ms,sans-serif;\">Dennoch bin ich in einer Sph\u00e4re, wo ich mich im Traum nie w\u00e4hnte. Lief ich fr\u00fcher eine Runde ums Fu\u00dfballfeld, brauchte ich nicht mehr zum Match auf zu laufen, so kaputt war ich.<\/span><\/p>\n<p><span style=\"font-family: comic sans ms,sans-serif;\">An Ultral\u00e4ufen taugt mir die famili\u00e4re Atmosph\u00e4re. Man kennt und sch\u00e4tzt sich unabh\u00e4ngig vom l\u00e4uferischen Niveau. Zudem wird ein Gro\u00dfteil des Startgeldes f\u00fcr Wohlt\u00e4tigkeit gespendet. Mit dem Benefizgedanken kann ich mich identifizieren. Wenn schon laufen, dann gern mit Sinn!<\/span><\/p>\n<p><a href=\"http:\/\/www.debra-austria.org\/spenden\/sport-charity\/debrunner.html\">http:\/\/www.debra-austria.org\/spenden\/sport-charity\/debrunner.html<\/a><\/p>\n<p><span style=\"font-family: comic sans ms,sans-serif;\">Pfiat Euch\u00a0 Andy<\/span><\/p>\n","protected":false},"excerpt":{"rendered":"<p>http:\/\/pseudolaeufer.jimdo.com\/ &nbsp; Gr\u00fc\u00df Euch! Und warum? \u201eWieso l\u00e4ufst du so viel?\u201c Da habe ich einige Standardantworten parat. Kalorienverbrauch, \u201eUHU\u201c bleiben, Masochismus, u.v.m. ! Das ist nur ein Teil der Wahrheit. Freilich gibt`s gute Tage wo es l\u00e4uft. Oft besch\u00e4ftigen mich \u00fcber Stunden beim Lauf diverse Befindlichkeiten und nicht selten sage ich mir: \u201e Nie wieder!\u201c. &hellip; <a href=\"http:\/\/www.100marathonclub.at\/?page_id=7250\" class=\"more-link\"><span class=\"screen-reader-text\">Andreas Kapui<\/span> weiterlesen <span class=\"meta-nav\">&rarr;<\/span><\/a><\/p>\n","protected":false},"author":1,"featured_media":0,"parent":0,"menu_order":0,"comment_status":"closed","ping_status":"closed","template":"","meta":[],"_links":{"self":[{"href":"http:\/\/www.100marathonclub.at\/index.php?rest_route=\/wp\/v2\/pages\/7250"}],"collection":[{"href":"http:\/\/www.100marathonclub.at\/index.php?rest_route=\/wp\/v2\/pages"}],"about":[{"href":"http:\/\/www.100marathonclub.at\/index.php?rest_route=\/wp\/v2\/types\/page"}],"author":[{"embeddable":true,"href":"http:\/\/www.100marathonclub.at\/index.php?rest_route=\/wp\/v2\/users\/1"}],"replies":[{"embeddable":true,"href":"http:\/\/www.100marathonclub.at\/index.php?rest_route=%2Fwp%2Fv2%2Fcomments&post=7250"}],"version-history":[{"count":13,"href":"http:\/\/www.100marathonclub.at\/index.php?rest_route=\/wp\/v2\/pages\/7250\/revisions"}],"predecessor-version":[{"id":19566,"href":"http:\/\/www.100marathonclub.at\/index.php?rest_route=\/wp\/v2\/pages\/7250\/revisions\/19566"}],"wp:attachment":[{"href":"http:\/\/www.100marathonclub.at\/index.php?rest_route=%2Fwp%2Fv2%2Fmedia&parent=7250"}],"curies":[{"name":"wp","href":"https:\/\/api.w.org\/{rel}","templated":true}]}}