{"id":2928,"date":"2012-12-17T14:26:16","date_gmt":"2012-12-17T13:26:16","guid":{"rendered":"http:\/\/100marathonclub.at\/?page_id=2928"},"modified":"2016-12-15T08:43:16","modified_gmt":"2016-12-15T07:43:16","slug":"ernst-fink","status":"publish","type":"page","link":"http:\/\/www.100marathonclub.at\/?page_id=2928","title":{"rendered":"Ernst Fink"},"content":{"rendered":"<p><a href=\"http:\/\/www.100marathonclub.at\/wp-content\/uploads\/Ernst2.jpg\" rel=\"attachment wp-att-11973\" data-rel=\"lightbox-image-0\" data-rl_title=\"\" data-rl_caption=\"\" title=\"\"><img loading=\"lazy\" class=\"size-thumbnail wp-image-11973 alignleft\" src=\"http:\/\/www.100marathonclub.at\/wp-content\/uploads\/Ernst2-150x150.jpg\" alt=\"ernst2\" width=\"150\" height=\"150\" \/><\/a><\/p>\n<p>&nbsp;<\/p>\n<p>Warum ich laufe?:<br \/>\nBeruflich bin ich Therapeut, k\u00e4mpfe mit vielen Problemen, die uns\u00a0Sportler\u00a0betreffen (Muskeldysbalancen, Muskell\u00e4sionen, Fascienproblemen, gelenksspezifische Sensationen) usw.<\/p>\n<p>Sportlich versuche ich den doch harten Alltag in dieser Laufform zu bew\u00e4ltigen! F\u00fcr mich gibt es eine Wohlf\u00fchlzeit, die bei 3.30 liegt. Laufe ich diese Zeit, f\u00fchl ich mich puddelwohl &#8211; der Arbeitstag, der sehr kraftintensiv ist, geht dann leicht von der &#8220;Hand&#8221;! Gerne arbeite ich in Gruppen, mit Triathleten, L\u00e4ufern, Fussballern und Breitensportlern. Habe mit ihnen ein eigenes Eigengewichtstraining konzipiert! So halte ich mich fit.<\/p>\n<p>Ziele:<br \/>\nF\u00fcr jeden Tag im Jahr einen Marathon laufen, so es die Gesundheit zul\u00e4sst. Heisst wohl aus heutiger Sicht 366 Marathons zu absolvieren. So viele und verschiedene L\u00e4nder zu besuchen und Marathons zu laufen w\u00e4re fein. Alle m\u00f6glichen Marathons rund um \u00d6sterreich (Tschechien, Slowakei, Ungarn, Slovenien, Italien, Schweiz, Bayern und Baden W\u00fcrttemberg) zu absolvieren f\u00e4llt unter &#8220;Heimat kennenlernen&#8221;!<\/p>\n<p>Kontakt:<br \/>\nF\u00fcr Fragen und Anregungen bin ich dankbar unter ernst.fink@vitalabo.com<\/p>\n<p>&nbsp;<\/p>\n","protected":false},"excerpt":{"rendered":"<p>&nbsp; Warum ich laufe?: Beruflich bin ich Therapeut, k\u00e4mpfe mit vielen Problemen, die uns\u00a0Sportler\u00a0betreffen (Muskeldysbalancen, Muskell\u00e4sionen, Fascienproblemen, gelenksspezifische Sensationen) usw. Sportlich versuche ich den doch harten Alltag in dieser Laufform zu bew\u00e4ltigen! F\u00fcr mich gibt es eine Wohlf\u00fchlzeit, die bei 3.30 liegt. Laufe ich diese Zeit, f\u00fchl ich mich puddelwohl &#8211; der Arbeitstag, der sehr &hellip; <a href=\"http:\/\/www.100marathonclub.at\/?page_id=2928\" class=\"more-link\"><span class=\"screen-reader-text\">Ernst Fink<\/span> weiterlesen <span class=\"meta-nav\">&rarr;<\/span><\/a><\/p>\n","protected":false},"author":1,"featured_media":0,"parent":130,"menu_order":0,"comment_status":"closed","ping_status":"closed","template":"","meta":[],"_links":{"self":[{"href":"http:\/\/www.100marathonclub.at\/index.php?rest_route=\/wp\/v2\/pages\/2928"}],"collection":[{"href":"http:\/\/www.100marathonclub.at\/index.php?rest_route=\/wp\/v2\/pages"}],"about":[{"href":"http:\/\/www.100marathonclub.at\/index.php?rest_route=\/wp\/v2\/types\/page"}],"author":[{"embeddable":true,"href":"http:\/\/www.100marathonclub.at\/index.php?rest_route=\/wp\/v2\/users\/1"}],"replies":[{"embeddable":true,"href":"http:\/\/www.100marathonclub.at\/index.php?rest_route=%2Fwp%2Fv2%2Fcomments&post=2928"}],"version-history":[{"count":4,"href":"http:\/\/www.100marathonclub.at\/index.php?rest_route=\/wp\/v2\/pages\/2928\/revisions"}],"predecessor-version":[{"id":11974,"href":"http:\/\/www.100marathonclub.at\/index.php?rest_route=\/wp\/v2\/pages\/2928\/revisions\/11974"}],"up":[{"embeddable":true,"href":"http:\/\/www.100marathonclub.at\/index.php?rest_route=\/wp\/v2\/pages\/130"}],"wp:attachment":[{"href":"http:\/\/www.100marathonclub.at\/index.php?rest_route=%2Fwp%2Fv2%2Fmedia&parent=2928"}],"curies":[{"name":"wp","href":"https:\/\/api.w.org\/{rel}","templated":true}]}}