{"id":22742,"date":"2025-10-08T20:32:07","date_gmt":"2025-10-08T19:32:07","guid":{"rendered":"http:\/\/www.100marathonclub.at\/?page_id=22742"},"modified":"2025-10-08T20:32:07","modified_gmt":"2025-10-08T19:32:07","slug":"blaufraenkisch-marathon-bericht-vom-harry","status":"publish","type":"page","link":"http:\/\/www.100marathonclub.at\/?page_id=22742","title":{"rendered":"Blaufr\u00e4nkisch Marathon &#8211; Bericht vom Harry"},"content":{"rendered":"<p><span style=\"color: #0000ff;\"><strong><em>Blaufr\u00e4nkischland Marathon<\/em> <\/strong>\u2013 der Name ist Programm<\/span><\/p>\n<p>Am Samstag, dem 4. Oktober 2025, fand der vierte Blaufr\u00e4nkischland Marathon im Raum Deutschkreutz im Mittelburgenland statt. Das Wetter war ideal, ca. 8 Grad beim<br \/>\nStart um 9 Uhr im Ortszentrum und ca. 15 Grad am Nachmittag bei strahlendem Sonnenschein und Windstille, was im Burgenland nicht selbstverst\u00e4ndlich ist.<br \/>\nIch war nach 2022, 2024 und heuer zum dritten Mal dabei, nur 2023 war mir meine erstmalige Teilnahme beim Chicago Marathon wichtiger, bei dem der charismatische, aber ein paar Monate sp\u00e4ter bei einem Autounfall t\u00f6dlich verungl\u00fcckte Kelvin Kiptum den noch immer g\u00fcltigen Marathonrekord von 2.00:35 aufstellte.<br \/>\nZur\u00fcck ins Burgenland, Rekorde wollte hier niemand aufstellen. Das Bundesland gilt ja als recht flach, doch es gibt durchaus eine Menge H\u00fcgel, so auch hier in der Grenzregion zu Ungarn. Meine Uhr hat im Ziel knapp 400 H\u00f6henmeter angezeigt, wenngleich die Anstiege sehr moderat waren. Aber ein Weinberg ist halt auch \u2013 wenn<br \/>\nauch kleiner \u2013 ein Berg. Doch es ging ja auch wieder bergab, Start und Ziel waren jeweils in Deutschkreuz.<\/p>\n<div id='gallery-1' class='gallery galleryid-22742 gallery-columns-3 gallery-size-thumbnail'><figure class='gallery-item'>\n\t\t\t<div class='gallery-icon landscape'>\n\t\t\t\t<a href='http:\/\/www.100marathonclub.at\/wp-content\/uploads\/BlaufrGruppe1.jpg' title=\"\" data-rl_title=\"\" class=\"rl-gallery-link\" data-rl_caption=\"\" data-rel=\"lightbox-gallery-1\"><img width=\"150\" height=\"150\" src=\"http:\/\/www.100marathonclub.at\/wp-content\/uploads\/BlaufrGruppe1-150x150.jpg\" class=\"attachment-thumbnail size-thumbnail\" alt=\"\" loading=\"lazy\" \/><\/a>\n\t\t\t<\/div><\/figure>\n\t\t<\/div>\n\n<p>Startaufstellung vom 100 Marathon Club \u2013 stramme Wadeln \u00fcberall<\/p>\n<p>Das Besondere am Blaufr\u00e4nkischland Marathon ist die malerische Landschaft entlang der Weing\u00fcter mit der namensgebenden\u00a0 Weinsorte, sowie die Labestationen, die neben der \u00fcblichen Verpflegung auch zur Weinverkostung einluden. Unvergesslich die gleich erste Station knapp einen Kilometer nach dem Start, bei der man am Ortsende von Deutschkreutz zuerst durch eine Halle mit Weinf\u00e4ssern l\u00e4uft und gleich beim Ausgang bereits ein Getr\u00e4nkestand mit Wein aufgebaut war. Ein L\u00e4ufer und offensichtlicher Weinfan wusste das, sprintete vorne weg und war so als erster bei der Labe und griff auch gleich zum Glas. Wie gesagt, kein Marathon f\u00fcr Rekorde&#8230;<br \/>\nDie Veranstalter wissen, wie man ein Event aufzieht: viel Werbung schon die Monate davor, gute Moderation, exzellente Verpflegung mit regionalen Schmankerln, gutes Preis-Leistungsverh\u00e4ltnis, etc.. Die Lage in einer Weinregion nahe dem Neusiedlersee<br \/>\nund nur wenige Kilometer entfernt von der ungarischen Stadt Sopron motivierte auch viele Teilnehmer, ein paar Tage zu bleiben, Radausfl\u00fcge und Heurigenbesuche zu machen. Apropos Teilnehmer: es gab Rekorde mit ca. 2.500 Starterinnen und Starter bei allen Bewerben, neben dem Marathon mit \u00fcber einhundert Finishern gab es auch einen Halb-, Viertel- und Achte(r)l-Marathon. Laufen war nicht Pflicht, so wurde auch flei\u00dfig gewalkt, oft auch in kleinen Gruppen. Viele waren auch in Kost\u00fcmen unterwegs, von denen die originellsten im Ziel ausgezeichnet wurden.<\/p>\n<div id='gallery-2' class='gallery galleryid-22742 gallery-columns-3 gallery-size-thumbnail'><figure class='gallery-item'>\n\t\t\t<div class='gallery-icon portrait'>\n\t\t\t\t<a href='http:\/\/www.100marathonclub.at\/wp-content\/uploads\/Harry2.jpg' title=\"\" data-rl_title=\"\" class=\"rl-gallery-link\" data-rl_caption=\"\" data-rel=\"lightbox-gallery-2\"><img width=\"150\" height=\"150\" src=\"http:\/\/www.100marathonclub.at\/wp-content\/uploads\/Harry2-150x150.jpg\" class=\"attachment-thumbnail size-thumbnail\" alt=\"\" loading=\"lazy\" \/><\/a>\n\t\t\t<\/div><\/figure>\n\t\t<\/div>\n\n<p>Martahon-Start um 9 Uhr bei besten Bedingungen<\/p>\n<p>So ging es die ersten Kilometer bei noch frischen Temperaturen die sanften H\u00fcgel nahe der ungarischen Grenze entlang durch die Weing\u00fcter. Hatte man einen H\u00fcgel erlaufen,<br \/>\ngab es meist wunderbare Ausblicke in die Region, w\u00e4hrend in den Weinbergen die Winzer noch die Lese einbrachten. Der Untergrund zum Laufen bestand meist aus asphaltierten G\u00fcterwegen, ein paar Kilometer lief man auch auf Feldwegen. Nach etwa<br \/>\nder H\u00e4lfte des Marathons kommt man in die Gemeinde Neckenmarkt, ein paar Kilometer weiter nach Horitschon, Unterpetersdorf, um schlie\u00dflich wieder zur\u00fcck nach<br \/>\nDeutschkreutz zu laufen. Etwas gemein ist nach ca. 38 Kilometern, wenn man bereits wieder im Ortsgebiet von Deutschkreutz ist, ein nochmaliger Abbieger hinauf in die Weinberge und an gro\u00dfen Windr\u00e4dern vorbei. W\u00e4hrend der Kopf schon nach der<br \/>\nZiellinie lechzt, m\u00fcssen die Beine nochmals eine Runde drehen, bevor man wirklich durch den Zielbogen bei der Neuen Mittelschule l\u00e4uft.<\/p>\n<div id='gallery-3' class='gallery galleryid-22742 gallery-columns-3 gallery-size-thumbnail'><figure class='gallery-item'>\n\t\t\t<div class='gallery-icon landscape'>\n\t\t\t\t<a href='http:\/\/www.100marathonclub.at\/wp-content\/uploads\/Harry3.jpg' title=\"\" data-rl_title=\"\" class=\"rl-gallery-link\" data-rl_caption=\"\" data-rel=\"lightbox-gallery-3\"><img width=\"150\" height=\"150\" src=\"http:\/\/www.100marathonclub.at\/wp-content\/uploads\/Harry3-150x150.jpg\" class=\"attachment-thumbnail size-thumbnail\" alt=\"\" loading=\"lazy\" \/><\/a>\n\t\t\t<\/div><\/figure>\n\t\t<\/div>\n\n<p>Genussstation beim Weingut Gager ca. 1 km vor dem Ziel lie\u00df keine W\u00fcnsche offen<\/p>\n<p>Es gab nicht weniger als 15 Genussstationen, die sich mit klassischen Labestationen abwechselten. Wasser und Traubenzucker bei den Laben, zus\u00e4tzlich Br\u00f6tchen und<br \/>\nWein bei den Genussstationen. Im Ziel erwartete uns ein Festzelt,<br \/>\nGep\u00e4cksaufbewahrung, Duschen, Foodtrucks und eine After Run-Party mit Life-Musik.<br \/>\nAchtel- und Viertelmarathon waren ausgebucht, ein Zeichen f\u00fcr die wachsende Beliebtheit der Veranstaltung auch in der Region. Die Teilnehmer kamen aber auch vielfach aus Wien, und sogar aus Ober\u00f6sterreich und Bayern waren einige angereist.<br \/>\nSieger:innen:<br \/>\nBei den Herren gewann Niklas Kr\u00f6hn in 3 Stunden und 3 Minuten vor Andreas Paitl vom 100 Marathon Club Austria in 3.13 und Christian Oberguggenberger. Bei den Frauen war Annika Wanger eine Klasse f\u00fcr sich mit 3 Stunden 31 vor Kate Palfi, Maria Posch,<br \/>\nJudith Regner und Judith Schubert. Ich rauschte auch unter vier Stunden durch, schneller als erwartet.<br \/>\nFazit: eine sehr l\u00e4ssige Veranstaltung ohne Zeitdruck und Stress beim Start, weil die k\u00fcrzeren Bewerbe im Vergleich zum Marathon sp\u00e4ter starten, viel Kulinarik und auch ein Erlebnis, wenn man kein Weintrinker ist. Die Veranstalter bieten eine sehr\u00a0 famili\u00e4reBetreuung und die Erreichbarkeit mit dem Zug ist ausgezeichnet (ca. 10 Minuten vom Bahnhof zu Start und Ziel, ca. 80 Minuten von Wien).<br \/>\nInfo: www.blaufraenkischland-marathon.at<\/p>\n","protected":false},"excerpt":{"rendered":"<p>Blaufr\u00e4nkischland Marathon \u2013 der Name ist Programm Am Samstag, dem 4. Oktober 2025, fand der vierte Blaufr\u00e4nkischland Marathon im Raum Deutschkreutz im Mittelburgenland statt. Das Wetter war ideal, ca. 8 Grad beim Start um 9 Uhr im Ortszentrum und ca. 15 Grad am Nachmittag bei strahlendem Sonnenschein und Windstille, was im Burgenland nicht selbstverst\u00e4ndlich ist. &hellip; <a href=\"http:\/\/www.100marathonclub.at\/?page_id=22742\" class=\"more-link\"><span class=\"screen-reader-text\">Blaufr\u00e4nkisch Marathon &#8211; Bericht vom Harry<\/span> weiterlesen <span class=\"meta-nav\">&rarr;<\/span><\/a><\/p>\n","protected":false},"author":1,"featured_media":0,"parent":0,"menu_order":0,"comment_status":"closed","ping_status":"closed","template":"","meta":[],"_links":{"self":[{"href":"http:\/\/www.100marathonclub.at\/index.php?rest_route=\/wp\/v2\/pages\/22742"}],"collection":[{"href":"http:\/\/www.100marathonclub.at\/index.php?rest_route=\/wp\/v2\/pages"}],"about":[{"href":"http:\/\/www.100marathonclub.at\/index.php?rest_route=\/wp\/v2\/types\/page"}],"author":[{"embeddable":true,"href":"http:\/\/www.100marathonclub.at\/index.php?rest_route=\/wp\/v2\/users\/1"}],"replies":[{"embeddable":true,"href":"http:\/\/www.100marathonclub.at\/index.php?rest_route=%2Fwp%2Fv2%2Fcomments&post=22742"}],"version-history":[{"count":4,"href":"http:\/\/www.100marathonclub.at\/index.php?rest_route=\/wp\/v2\/pages\/22742\/revisions"}],"predecessor-version":[{"id":22756,"href":"http:\/\/www.100marathonclub.at\/index.php?rest_route=\/wp\/v2\/pages\/22742\/revisions\/22756"}],"wp:attachment":[{"href":"http:\/\/www.100marathonclub.at\/index.php?rest_route=%2Fwp%2Fv2%2Fmedia&parent=22742"}],"curies":[{"name":"wp","href":"https:\/\/api.w.org\/{rel}","templated":true}]}}