{"id":22,"date":"2012-05-14T15:49:26","date_gmt":"2012-05-14T15:49:26","guid":{"rendered":"http:\/\/100marathonclub.at\/?page_id=22"},"modified":"2016-03-25T12:05:14","modified_gmt":"2016-03-25T11:05:14","slug":"zielsetzung","status":"publish","type":"page","link":"http:\/\/www.100marathonclub.at\/?page_id=22","title":{"rendered":"Zielsetzung"},"content":{"rendered":"<div>\n<p>Der &#8220;100 Marathon Club Austria&#8221; definiert sich\u00a0als\u00a0unabh\u00e4ngige\u00a0Vereinigung von L\u00e4uferinnen und L\u00e4ufern, die regelm\u00e4\u00dfig an Marathons und auch Ultramarathons\u00a0teilnehmen und\u00a0dar\u00fcber eine Statistik f\u00fchren.<\/p>\n<p>Ziel ist es, diese\u00a0Laufkolleginnen und -kollegen\u00a0\u00a0mit der Mitgliedschaft im Verein &#8220;100 Marathonclub Austria&#8221; m\u00f6glichst vielf\u00e4ltig zu unterst\u00fctzen. Dies wird mit einer\u00a0 repr\u00e4sentativen Organisation mit Vereinsstatuten, einem entsprechenden Logo, Webpr\u00e4senz in Form einer\u00a0L\u00e4uferportraitseite\u00a0sowie Neuigkeiten-Service,\u00a0einer Ranking-Datenbank und\u00a0eigenem Laufshirt verwirklicht.<\/p>\n<\/div>\n","protected":false},"excerpt":{"rendered":"<p>Der &#8220;100 Marathon Club Austria&#8221; definiert sich\u00a0als\u00a0unabh\u00e4ngige\u00a0Vereinigung von L\u00e4uferinnen und L\u00e4ufern, die regelm\u00e4\u00dfig an Marathons und auch Ultramarathons\u00a0teilnehmen und\u00a0dar\u00fcber eine Statistik f\u00fchren. Ziel ist es, diese\u00a0Laufkolleginnen und -kollegen\u00a0\u00a0mit der Mitgliedschaft im Verein &#8220;100 Marathonclub Austria&#8221; m\u00f6glichst vielf\u00e4ltig zu unterst\u00fctzen. Dies wird mit einer\u00a0 repr\u00e4sentativen Organisation mit Vereinsstatuten, einem entsprechenden Logo, Webpr\u00e4senz in Form einer\u00a0L\u00e4uferportraitseite\u00a0sowie Neuigkeiten-Service,\u00a0einer &hellip; <a href=\"http:\/\/www.100marathonclub.at\/?page_id=22\" class=\"more-link\"><span class=\"screen-reader-text\">Zielsetzung<\/span> weiterlesen <span class=\"meta-nav\">&rarr;<\/span><\/a><\/p>\n","protected":false},"author":1,"featured_media":0,"parent":0,"menu_order":1,"comment_status":"closed","ping_status":"closed","template":"","meta":[],"_links":{"self":[{"href":"http:\/\/www.100marathonclub.at\/index.php?rest_route=\/wp\/v2\/pages\/22"}],"collection":[{"href":"http:\/\/www.100marathonclub.at\/index.php?rest_route=\/wp\/v2\/pages"}],"about":[{"href":"http:\/\/www.100marathonclub.at\/index.php?rest_route=\/wp\/v2\/types\/page"}],"author":[{"embeddable":true,"href":"http:\/\/www.100marathonclub.at\/index.php?rest_route=\/wp\/v2\/users\/1"}],"replies":[{"embeddable":true,"href":"http:\/\/www.100marathonclub.at\/index.php?rest_route=%2Fwp%2Fv2%2Fcomments&post=22"}],"version-history":[{"count":3,"href":"http:\/\/www.100marathonclub.at\/index.php?rest_route=\/wp\/v2\/pages\/22\/revisions"}],"predecessor-version":[{"id":10689,"href":"http:\/\/www.100marathonclub.at\/index.php?rest_route=\/wp\/v2\/pages\/22\/revisions\/10689"}],"wp:attachment":[{"href":"http:\/\/www.100marathonclub.at\/index.php?rest_route=%2Fwp%2Fv2%2Fmedia&parent=22"}],"curies":[{"name":"wp","href":"https:\/\/api.w.org\/{rel}","templated":true}]}}