{"id":18937,"date":"2023-09-24T10:55:44","date_gmt":"2023-09-24T09:55:44","guid":{"rendered":"http:\/\/www.100marathonclub.at\/?page_id=18937"},"modified":"2023-10-03T10:36:40","modified_gmt":"2023-10-03T09:36:40","slug":"bianca-seubert","status":"publish","type":"page","link":"http:\/\/www.100marathonclub.at\/?page_id=18937","title":{"rendered":"Bianca Seubert"},"content":{"rendered":"<p><a href=\"http:\/\/www.100marathonclub.at\/wp-content\/uploads\/FranzBianka-scaled-e1695073266807.jpg\" data-rel=\"lightbox-image-0\" data-rl_title=\"\" data-rl_caption=\"\" title=\"\"><img loading=\"lazy\" class=\"size-thumbnail wp-image-18916 alignleft\" src=\"http:\/\/www.100marathonclub.at\/wp-content\/uploads\/FranzBianka-scaled-e1695073266807-150x150.jpg\" alt=\"\" width=\"150\" height=\"150\" \/><\/a><\/p>\n<p>&nbsp;<\/p>\n<p>Begonnen habe ich mit dem Laufen vor etwa 23 Jahren (2000). Bei einem Lauftreff lernte ich Franz kennen, wir sind dann meist miteinander gelaufen. Das ging \u00fcber Jahre so, bis wir dann sp\u00e4ter schlie\u00dflich geheiratet haben. Sehr bald nachdem wir wenige Jahre Marathon gelaufen sind, hat uns das nicht mehr gereicht. Somit sind wir wiederholt am Rennsteig den langen Kanten gelaufen und landeten schlie\u00dflich beim 100er in Biel. Die folgenden Jahre haben wir vorwiegend im Ultrasegment verbracht, dabei sind wir auch einige Male den Europacup der Ultramarathone gelaufen. Letztendlich landeten wir beim 24 Stunden Lauf. Ein gesundheitlicher Zwischenfall setzte Franz dann erst einmal au\u00dfer Gefecht. Langsam hat er mit mir zusammen wieder hineingefunden. Inzwischen laufen wir wieder miteinander. Bis jetzt bin ich etwa 65 Marathon und Ultramarathon gelaufen.<\/p>\n","protected":false},"excerpt":{"rendered":"<p>&nbsp; Begonnen habe ich mit dem Laufen vor etwa 23 Jahren (2000). Bei einem Lauftreff lernte ich Franz kennen, wir sind dann meist miteinander gelaufen. Das ging \u00fcber Jahre so, bis wir dann sp\u00e4ter schlie\u00dflich geheiratet haben. Sehr bald nachdem wir wenige Jahre Marathon gelaufen sind, hat uns das nicht mehr gereicht. Somit sind wir &hellip; <a href=\"http:\/\/www.100marathonclub.at\/?page_id=18937\" class=\"more-link\"><span class=\"screen-reader-text\">Bianca Seubert<\/span> weiterlesen <span class=\"meta-nav\">&rarr;<\/span><\/a><\/p>\n","protected":false},"author":1,"featured_media":0,"parent":0,"menu_order":0,"comment_status":"closed","ping_status":"closed","template":"","meta":[],"_links":{"self":[{"href":"http:\/\/www.100marathonclub.at\/index.php?rest_route=\/wp\/v2\/pages\/18937"}],"collection":[{"href":"http:\/\/www.100marathonclub.at\/index.php?rest_route=\/wp\/v2\/pages"}],"about":[{"href":"http:\/\/www.100marathonclub.at\/index.php?rest_route=\/wp\/v2\/types\/page"}],"author":[{"embeddable":true,"href":"http:\/\/www.100marathonclub.at\/index.php?rest_route=\/wp\/v2\/users\/1"}],"replies":[{"embeddable":true,"href":"http:\/\/www.100marathonclub.at\/index.php?rest_route=%2Fwp%2Fv2%2Fcomments&post=18937"}],"version-history":[{"count":2,"href":"http:\/\/www.100marathonclub.at\/index.php?rest_route=\/wp\/v2\/pages\/18937\/revisions"}],"predecessor-version":[{"id":19014,"href":"http:\/\/www.100marathonclub.at\/index.php?rest_route=\/wp\/v2\/pages\/18937\/revisions\/19014"}],"wp:attachment":[{"href":"http:\/\/www.100marathonclub.at\/index.php?rest_route=%2Fwp%2Fv2%2Fmedia&parent=18937"}],"curies":[{"name":"wp","href":"https:\/\/api.w.org\/{rel}","templated":true}]}}