{"id":1775,"date":"2012-09-10T11:28:19","date_gmt":"2012-09-10T09:28:19","guid":{"rendered":"http:\/\/100marathonclub.at\/?page_id=1775"},"modified":"2023-09-24T11:06:01","modified_gmt":"2023-09-24T10:06:01","slug":"michael-reichetzeder","status":"publish","type":"page","link":"http:\/\/www.100marathonclub.at\/?page_id=1775","title":{"rendered":"Mischa Reichetzeder"},"content":{"rendered":"<p>Ich werde mich hier in K\u00fcrze vorstellen &#8211; meine aktuelle Marathon\u00fcbersicht l\u00e4sst sich hier aufrufen:<\/p>\n","protected":false},"excerpt":{"rendered":"<p>Ich werde mich hier in K\u00fcrze vorstellen &#8211; meine aktuelle Marathon\u00fcbersicht l\u00e4sst sich hier aufrufen:<\/p>\n","protected":false},"author":1,"featured_media":0,"parent":130,"menu_order":0,"comment_status":"closed","ping_status":"closed","template":"","meta":[],"_links":{"self":[{"href":"http:\/\/www.100marathonclub.at\/index.php?rest_route=\/wp\/v2\/pages\/1775"}],"collection":[{"href":"http:\/\/www.100marathonclub.at\/index.php?rest_route=\/wp\/v2\/pages"}],"about":[{"href":"http:\/\/www.100marathonclub.at\/index.php?rest_route=\/wp\/v2\/types\/page"}],"author":[{"embeddable":true,"href":"http:\/\/www.100marathonclub.at\/index.php?rest_route=\/wp\/v2\/users\/1"}],"replies":[{"embeddable":true,"href":"http:\/\/www.100marathonclub.at\/index.php?rest_route=%2Fwp%2Fv2%2Fcomments&post=1775"}],"version-history":[{"count":1,"href":"http:\/\/www.100marathonclub.at\/index.php?rest_route=\/wp\/v2\/pages\/1775\/revisions"}],"predecessor-version":[{"id":18944,"href":"http:\/\/www.100marathonclub.at\/index.php?rest_route=\/wp\/v2\/pages\/1775\/revisions\/18944"}],"up":[{"embeddable":true,"href":"http:\/\/www.100marathonclub.at\/index.php?rest_route=\/wp\/v2\/pages\/130"}],"wp:attachment":[{"href":"http:\/\/www.100marathonclub.at\/index.php?rest_route=%2Fwp%2Fv2%2Fmedia&parent=1775"}],"curies":[{"name":"wp","href":"https:\/\/api.w.org\/{rel}","templated":true}]}}