{"id":15566,"date":"2020-01-28T18:56:34","date_gmt":"2020-01-28T17:56:34","guid":{"rendered":"http:\/\/www.100marathonclub.at\/?page_id=15566"},"modified":"2020-01-29T07:30:40","modified_gmt":"2020-01-29T06:30:40","slug":"karl-alfred-erber-darf-nicht-mitlaufen","status":"publish","type":"page","link":"http:\/\/www.100marathonclub.at\/?page_id=15566","title":{"rendered":"Karl-Alfred Erber darf nicht mitlaufen &#8230;"},"content":{"rendered":"<p class=\"p1\" style=\"text-align: justify;\"><a href=\"http:\/\/www.100marathonclub.at\/?page_id=15483\" target=\"_blank\">Karl-Alfred Erber Clubmitgliedsseite<\/a><\/p>\n<h1 class=\"p1\" style=\"text-align: justify;\">Wie habe ich es blo\u00df geschafft von der Teilnahme am \u201eoffen f\u00fcr alle\u201c Weihnachtsmarathon von Langenzersdorf ausgeschlossen zu werden?<\/h1>\n<h4 class=\"p1\"><span class=\"s1\">Wegen diesem Mail:<\/span><\/h4>\n<p class=\"p1\"><span class=\"s1\">Von: Karl Alfred Erber<\/span><\/p>\n<p class=\"p1\"><span class=\"s1\">Datum: 26. November 2019 um 18:45:10 MEZ<\/span><\/p>\n<p class=\"p1\"><span class=\"s1\">An: katina.praehauser@weihnachtsmarathon.at<\/span><\/p>\n<p class=\"p1\"><span class=\"s1\">Betreff: Weihnachtsmarathon &#8230;<\/span><\/p>\n<p class=\"p1\"><span class=\"s1\">So &#8230; habe mich f\u00fcr die 42 K angemeldet<\/span><\/p>\n<p class=\"p1\"><span class=\"s1\">Wenn ich die Texte richtig verstehe muss ich &#8230; mir wenn ich eine Erinnerungsmedaille m\u00f6chte &#8230; diese selbst organisieren ..,<\/span><\/p>\n<p class=\"p1\"><span class=\"s1\">&#8230; wenn ich w\u00e4hrend dem Lauf Isogetr\u00e4nk oder Cola m\u00f6chte dieses selbst mitbringen da es nur Wasser und Punsch gibt &#8230;<\/span><\/p>\n<p class=\"p1\"><span class=\"s1\">&#8230; wenn ich Bananen m\u00f6chte diese selber mitbringen &#8230;<\/span><\/p>\n<p class=\"p1\"><span class=\"s1\">&#8230; aber es gibt daf\u00fcr die Chance einen Marathon mit offizieller Zeitnehmung zu finishen &#8230;<\/span><\/p>\n<p class=\"p1\"><span class=\"s1\">Was ist eigentlich das Zeitlimit f\u00fcr den Marathon &#8230; 6 Stunden wie gewohnt oder etwas weniger?<\/span><\/p>\n<p class=\"p1\"><span class=\"s1\">Danke &#8230;<\/span><\/p>\n<p class=\"p1\"><span class=\"s1\">LG<\/span><\/p>\n<p class=\"p1\"><span class=\"s1\">Karl Erber<\/span><\/p>\n<h4 class=\"p1\"><span class=\"s1\">Als Antwort erhielt ich Folgendes:<\/span><\/h4>\n<p class=\"p1\"><span class=\"s1\">Von: katina.praehauser@weihnachtsmarathon.at<\/span><\/p>\n<p class=\"p1\"><span class=\"s1\">Datum: 26. November 2019 um 23:47:08 MEZ<\/span><\/p>\n<p class=\"p1\"><span class=\"s1\">An: Karl Alfred Erber<\/span><\/p>\n<p class=\"p1\"><span class=\"s1\">Betreff: Aw:\u2068 Weihnachtsmarathon &#8230;\u2069<\/span><\/p>\n<p class=\"p1\"><span class=\"s1\">Sehr geehrter Karl Alfred Erber,<\/span><\/p>\n<p class=\"p1\"><span class=\"s1\">vielen Dank f\u00fcr Ihre R\u00fcckmeldung.<\/span><\/p>\n<p class=\"p1\"><span class=\"s1\">Leider muss ich Ihnen mitteilen, dass der Veranstalter Verein Sunlit Actions \u2013 ad Personam Peter Rathammer MA. &#8211; mitgeteilt hat, dass Ihre Teilnahme an der Veranstaltung abgelehnt wurde.<\/span><\/p>\n<p class=\"p1\"><span class=\"s1\">Der Zeitnehmer wurde bereits informiert und Ihre Anmeldung wird in den n\u00e4chsten Tagen gel\u00f6scht.<\/span><\/p>\n<p class=\"p1\"><span class=\"s1\">Peter Rathammer MA. wird Sie gesondert per Mail kontaktieren, damit Ihnen der Startbetrag refundiert wird.<\/span><\/p>\n<p class=\"p1\"><span class=\"s1\">(peter.rathammer@optimaltraining.at \/\/ )<\/span><\/p>\n<p class=\"p1\"><span class=\"s1\">Ich w\u00fcnsche Ihnen noch sch\u00f6ne Feiertage und hoffe Sie vielleicht im n\u00e4chsten Jahr bei der Veranstaltung dabei zu haben.<\/span><\/p>\n<h4 class=\"p1\"><span class=\"s1\">Verst\u00f6rt durch diese Antwort habe ich folgendes Mail geschickt:<\/span><\/h4>\n<p class=\"p1\"><span class=\"s1\">Von: Karl Alfred Erber<\/span><\/p>\n<p class=\"p1\"><span class=\"s1\">Gesendet: Mittwoch, 27. November 2019 00:29<\/span><\/p>\n<p class=\"p1\"><span class=\"s1\">An: peter.rathammer@optimaltraining.at<\/span><\/p>\n<p class=\"p1\"><span class=\"s1\">Betreff: Frage zu Weihnachtsmarathon &#8230;<\/span><\/p>\n<p class=\"p1\"><span class=\"s1\">Sehr geehrter Hr. Rathammer,<\/span><\/p>\n<p class=\"p1\"><span class=\"s1\">warum wurde meine Teilnahme beim Weihnachtsmarathon abgelehnt? Bloss wegen meiner Frage?<\/span><\/p>\n<p class=\"p1\"><span class=\"s1\">Was habe ich B\u00f6ses getan?<\/span><\/p>\n<p class=\"p1\"><span class=\"s1\">Mein Mail ist keine Kritik und ich habe die Teilnahmebedingungen so akzeptiert wie sie sind. <\/span><\/p>\n<p class=\"p1\"><span class=\"s1\">Es war nur eine Frage &#8230; damit ich mir selbst die Dinge mitbringen kann die mir erg\u00e4nzend zum Vorhandenen beim Marathon gut tun. Und ich w\u00fcrde so gerne meinen 40. Marathon 2019 (130 insgesamt) in der Seenschlacht Langenzersdorf laufen.<\/span><\/p>\n<p class=\"p1\"><span class=\"s1\">LG<\/span><\/p>\n<p class=\"p1\"><span class=\"s1\">Karl Erber<\/span><\/p>\n<h4 class=\"p1\"><span class=\"s1\">&#8230; und die wie bei den anderen Mails bis auf meine Mailadresse vollst\u00e4ndige Antwort war &#8230;<\/span><\/h4>\n<p class=\"p1\"><span class=\"s1\">Von: &#8220;RATHAMMER Peter MA. &#8211; Optimal Training&#8221; &lt;peter.rathammer@optimaltraining.at&gt;<\/span><\/p>\n<p class=\"p1\"><span class=\"s1\">Datum: 27. November 2019 um 09:37:57 MEZ<\/span><\/p>\n<p class=\"p1\"><span class=\"s1\">An: &#8216;Karl Alfred Erber&#8217;<\/span><\/p>\n<p class=\"p1\"><span class=\"s1\">Kopie: kontakt@weihnachtsmarathon.at<\/span><\/p>\n<p class=\"p1\"><span class=\"s1\">Betreff: AW: Frage zu Weihnachtsmarathon &#8230;<\/span><\/p>\n<p class=\"p1\"><span class=\"s1\">Sehr geehrter Herr Karl Alfred Erber,<\/span><\/p>\n<p class=\"p1\"><span class=\"s1\">dem Vorstand des Veranstalter Vereins Sunlit Actions wurde gestern Ihre Email weitergeleitet.<\/span><\/p>\n<p class=\"p1\"><span class=\"s1\">Unsere Philosophie ist auf der Veranstaltungshomepage gut dargestellt. Ebenso die Idee warum diese Veranstaltung in Memoriam Karl Simek entstanden ist.<\/span><\/p>\n<p class=\"p1\"><span class=\"s1\">Ich bin der Meinung, dass der www.weihnachtsmarathon.at nicht das richtige Format f\u00fcr Ihre Interessen ist. Daher ist eine Teilnahme an dieser Veranstaltung f\u00fcr Sie ausgeschlossen.<\/span><\/p>\n<p class=\"p1\"><span class=\"s1\">Eine dar\u00fcber hinausgehende Begr\u00fcndung ist nicht notwendig und wird es nicht geben. <\/span><\/p>\n<p class=\"p1\"><span class=\"s1\">Der Weihnachtsmarathon in Langenzersdorf wird definitiv nicht ihr 40ster Marathon in diesem Jahr sein.<\/span><\/p>\n<p class=\"p1\"><span class=\"s1\">Auf www.planet-marathon.de\/marathon_europa.html finden Sie einen zweiten Marathon in Tschechien \/ Pilsen am selben Tag.<\/span><\/p>\n<p class=\"p1\"><span class=\"s1\">Bitte um Bekanntgabe Ihres IBANs, damit Ihnen der Startbetrag zur\u00fcck\u00fcberwiesen wird. <\/span><\/p>\n<p class=\"p1\"><span class=\"s1\">Entweder per Mail \/ oder per SMS ()<\/span><\/p>\n<p class=\"p1\"><span class=\"s1\">Mit freundlichen Gr\u00fc\u00dfen<\/span><\/p>\n<p class=\"p1\"><span class=\"s1\">Peter RATHAMMER, MA<\/span><\/p>\n<p class=\"p1\"><span class=\"s1\">&#8212;&#8212;&#8212;&#8212;&#8212;&#8212;&#8212;&#8212;&#8212;&#8212;&#8212;&#8211;<\/span><\/p>\n","protected":false},"excerpt":{"rendered":"<p>Karl-Alfred Erber Clubmitgliedsseite Wie habe ich es blo\u00df geschafft von der Teilnahme am \u201eoffen f\u00fcr alle\u201c Weihnachtsmarathon von Langenzersdorf ausgeschlossen zu werden? Wegen diesem Mail: Von: Karl Alfred Erber Datum: 26. November 2019 um 18:45:10 MEZ An: katina.praehauser@weihnachtsmarathon.at Betreff: Weihnachtsmarathon &#8230; So &#8230; habe mich f\u00fcr die 42 K angemeldet Wenn ich die Texte richtig &hellip; <a href=\"http:\/\/www.100marathonclub.at\/?page_id=15566\" class=\"more-link\"><span class=\"screen-reader-text\">Karl-Alfred Erber darf nicht mitlaufen &#8230;<\/span> weiterlesen <span class=\"meta-nav\">&rarr;<\/span><\/a><\/p>\n","protected":false},"author":43,"featured_media":0,"parent":15483,"menu_order":1,"comment_status":"closed","ping_status":"closed","template":"","meta":[],"_links":{"self":[{"href":"http:\/\/www.100marathonclub.at\/index.php?rest_route=\/wp\/v2\/pages\/15566"}],"collection":[{"href":"http:\/\/www.100marathonclub.at\/index.php?rest_route=\/wp\/v2\/pages"}],"about":[{"href":"http:\/\/www.100marathonclub.at\/index.php?rest_route=\/wp\/v2\/types\/page"}],"author":[{"embeddable":true,"href":"http:\/\/www.100marathonclub.at\/index.php?rest_route=\/wp\/v2\/users\/43"}],"replies":[{"embeddable":true,"href":"http:\/\/www.100marathonclub.at\/index.php?rest_route=%2Fwp%2Fv2%2Fcomments&post=15566"}],"version-history":[{"count":4,"href":"http:\/\/www.100marathonclub.at\/index.php?rest_route=\/wp\/v2\/pages\/15566\/revisions"}],"predecessor-version":[{"id":15577,"href":"http:\/\/www.100marathonclub.at\/index.php?rest_route=\/wp\/v2\/pages\/15566\/revisions\/15577"}],"up":[{"embeddable":true,"href":"http:\/\/www.100marathonclub.at\/index.php?rest_route=\/wp\/v2\/pages\/15483"}],"wp:attachment":[{"href":"http:\/\/www.100marathonclub.at\/index.php?rest_route=%2Fwp%2Fv2%2Fmedia&parent=15566"}],"curies":[{"name":"wp","href":"https:\/\/api.w.org\/{rel}","templated":true}]}}