{"id":15526,"date":"2020-01-27T21:42:48","date_gmt":"2020-01-27T20:42:48","guid":{"rendered":"http:\/\/www.100marathonclub.at\/?page_id=15526"},"modified":"2021-02-04T19:43:56","modified_gmt":"2021-02-04T18:43:56","slug":"hundertster-marathon-wie-es-war","status":"publish","type":"page","link":"http:\/\/www.100marathonclub.at\/?page_id=15526","title":{"rendered":"Karl-Alfred Erber + Hundertster Marathon &#8230; wie es war"},"content":{"rendered":"<p style=\"text-align: left;\"><a href=\"http:\/\/www.100marathonclub.at\/?page_id=15483\" target=\"_blank\">Karl-Alfred Erber Clubmitgliedsseite<\/a><\/p>\n<p style=\"text-align: left;\">\u00a0<img loading=\"lazy\" class=\"alignnone size-medium wp-image-15548\" src=\"http:\/\/www.100marathonclub.at\/wp-content\/uploads\/D81191FF-04C5-4798-B534-F09BE923CF72-300x225.jpeg\" alt=\"D81191FF-04C5-4798-B534-F09BE923CF72\" width=\"300\" height=\"225\" srcset=\"http:\/\/www.100marathonclub.at\/wp-content\/uploads\/D81191FF-04C5-4798-B534-F09BE923CF72-300x225.jpeg 300w, http:\/\/www.100marathonclub.at\/wp-content\/uploads\/D81191FF-04C5-4798-B534-F09BE923CF72-768x576.jpeg 768w, http:\/\/www.100marathonclub.at\/wp-content\/uploads\/D81191FF-04C5-4798-B534-F09BE923CF72-1024x768.jpeg 1024w, http:\/\/www.100marathonclub.at\/wp-content\/uploads\/D81191FF-04C5-4798-B534-F09BE923CF72.jpeg 2016w\" sizes=\"(max-width: 300px) 100vw, 300px\" \/> <img loading=\"lazy\" class=\"alignnone size-medium wp-image-15549\" src=\"http:\/\/www.100marathonclub.at\/wp-content\/uploads\/742FEFEB-0741-4C22-B2E9-D8B55D4C9CBE-300x225.jpeg\" alt=\"742FEFEB-0741-4C22-B2E9-D8B55D4C9CBE\" width=\"300\" height=\"225\" srcset=\"http:\/\/www.100marathonclub.at\/wp-content\/uploads\/742FEFEB-0741-4C22-B2E9-D8B55D4C9CBE-300x225.jpeg 300w, http:\/\/www.100marathonclub.at\/wp-content\/uploads\/742FEFEB-0741-4C22-B2E9-D8B55D4C9CBE-768x576.jpeg 768w, http:\/\/www.100marathonclub.at\/wp-content\/uploads\/742FEFEB-0741-4C22-B2E9-D8B55D4C9CBE-1024x768.jpeg 1024w, http:\/\/www.100marathonclub.at\/wp-content\/uploads\/742FEFEB-0741-4C22-B2E9-D8B55D4C9CBE.jpeg 2016w\" sizes=\"(max-width: 300px) 100vw, 300px\" \/> <img loading=\"lazy\" class=\"alignnone size-medium wp-image-15550\" src=\"http:\/\/www.100marathonclub.at\/wp-content\/uploads\/08099145-6742-4A1A-AF22-68C0E9E07E58-300x225.jpeg\" alt=\"08099145-6742-4A1A-AF22-68C0E9E07E58\" width=\"300\" height=\"225\" srcset=\"http:\/\/www.100marathonclub.at\/wp-content\/uploads\/08099145-6742-4A1A-AF22-68C0E9E07E58-300x225.jpeg 300w, http:\/\/www.100marathonclub.at\/wp-content\/uploads\/08099145-6742-4A1A-AF22-68C0E9E07E58-768x576.jpeg 768w, http:\/\/www.100marathonclub.at\/wp-content\/uploads\/08099145-6742-4A1A-AF22-68C0E9E07E58-1024x768.jpeg 1024w, http:\/\/www.100marathonclub.at\/wp-content\/uploads\/08099145-6742-4A1A-AF22-68C0E9E07E58.jpeg 2016w\" sizes=\"(max-width: 300px) 100vw, 300px\" \/> <img loading=\"lazy\" class=\"alignnone size-medium wp-image-15551\" src=\"http:\/\/www.100marathonclub.at\/wp-content\/uploads\/D75C50B6-A8EA-404B-B762-E9222F93AB0C-300x225.jpeg\" alt=\"D75C50B6-A8EA-404B-B762-E9222F93AB0C\" width=\"300\" height=\"225\" srcset=\"http:\/\/www.100marathonclub.at\/wp-content\/uploads\/D75C50B6-A8EA-404B-B762-E9222F93AB0C-300x225.jpeg 300w, http:\/\/www.100marathonclub.at\/wp-content\/uploads\/D75C50B6-A8EA-404B-B762-E9222F93AB0C-768x576.jpeg 768w, http:\/\/www.100marathonclub.at\/wp-content\/uploads\/D75C50B6-A8EA-404B-B762-E9222F93AB0C-1024x768.jpeg 1024w, http:\/\/www.100marathonclub.at\/wp-content\/uploads\/D75C50B6-A8EA-404B-B762-E9222F93AB0C.jpeg 2016w\" sizes=\"(max-width: 300px) 100vw, 300px\" \/><\/p>\n<p>Am 5. Juli 2019 d\u00fcrfte ich in Bad Blumau meinen hundertsten Marathon laufen. Ohne Blumau h\u00e4tte ich nicht so viele Marathons laufen k\u00f6nnen. Danke Blumau. So war dieser Lauf ein Lauf der Dankbarkeit f\u00fcr die Reisen an all die sch\u00f6nen Orte wo ich schon 42195 laufen durfte.<\/p>\n<p>10 Runden l\u00e4uft man auf der klassischen Strecke von Blumau, eine Kleine plus neun Gro\u00dfe. So hatte ich die Chance Zehn Orten f\u00fcr ihre Marathongastfreundschaft zu danken.<\/p>\n<h1><span class=\"s1\">1. Greece<\/span><\/h1>\n<p>Ich bin zwar noch nie dort gelaufen &#8230; doch die Griechen haben den Marathonlauf erfunden ..<\/p>\n<h1><span class=\"s1\">2. Bar\u00e7aCatalunya<\/span><\/h1>\n<p>Erstmals habe ich die Stadt Barcelona anl\u00e4sslich des Marathons 2010 besucht um dort erstmals die autonome Region Katalonien zu durchlaufen und mit jedem Schritt mein Herz mehr f\u00fcr die katalanische Kultur zu \u00f6ffnen.<\/p>\n<h3><span class=\"s1\">3. Portugal<\/span><\/h3>\n<p>Lisboa und Porto d\u00fcrfte ich wegen der Marathons dort besuchen.<\/p>\n<h1><span class=\"s1\">4. Slovakia<\/span><\/h1>\n<p>Unvergesslich wird er immer f\u00fcr mich sein der Bratislava Marathon.<\/p>\n<h1><span class=\"s1\">5. Slovenia<\/span><\/h1>\n<p>Radenci habe ich anl\u00e4sslich des Radenska Marathons besucht,<\/p>\n<h1><span class=\"s1\">6. Luxembourg<\/span><\/h1>\n<p>Wird f\u00fcr immer das erste Gro\u00dfherzogtum sein wo ich einen Marathon gelaufen bin.<\/p>\n<h1><span class=\"s1\">7. Italy<\/span><\/h1>\n<p>Dank dem Marathonlauf erobert Italien mehr und mehr mein Herz. Die Kulturstadt Ravenna war dabei meine Premiere.<\/p>\n<h1><span class=\"s1\">8. Israel<\/span><\/h1>\n<p>In Israel bin ich meinen ersten Marathon geographisch au\u00dferhalb von Europa gelaufen.<\/p>\n<h1><span class=\"s1\">9. Czech Republic<\/span><\/h1>\n<p>Ist und bleibt das Heimatland des unverge\u00dflichen Emil Zatopek.<\/p>\n<h1><span class=\"s1\">10. SKN Norway<\/span><\/h1>\n<p>Highlight und Finish war die Runde mit der Fahne von meinem Lieblingsfu\u00dfballverein aus meiner Heimatstadt. Kombiniert habe ich die Fahne mit der Fahne Norwegens, wo ich ein paar Monate sp\u00e4ter gelaufen bin.<\/p>\n","protected":false},"excerpt":{"rendered":"<p>Karl-Alfred Erber Clubmitgliedsseite \u00a0 Am 5. Juli 2019 d\u00fcrfte ich in Bad Blumau meinen hundertsten Marathon laufen. Ohne Blumau h\u00e4tte ich nicht so viele Marathons laufen k\u00f6nnen. Danke Blumau. So war dieser Lauf ein Lauf der Dankbarkeit f\u00fcr die Reisen an all die sch\u00f6nen Orte wo ich schon 42195 laufen durfte. 10 Runden l\u00e4uft man &hellip; <a href=\"http:\/\/www.100marathonclub.at\/?page_id=15526\" class=\"more-link\"><span class=\"screen-reader-text\">Karl-Alfred Erber + Hundertster Marathon &#8230; wie es war<\/span> weiterlesen <span class=\"meta-nav\">&rarr;<\/span><\/a><\/p>\n","protected":false},"author":43,"featured_media":0,"parent":15483,"menu_order":0,"comment_status":"closed","ping_status":"closed","template":"","meta":[],"_links":{"self":[{"href":"http:\/\/www.100marathonclub.at\/index.php?rest_route=\/wp\/v2\/pages\/15526"}],"collection":[{"href":"http:\/\/www.100marathonclub.at\/index.php?rest_route=\/wp\/v2\/pages"}],"about":[{"href":"http:\/\/www.100marathonclub.at\/index.php?rest_route=\/wp\/v2\/types\/page"}],"author":[{"embeddable":true,"href":"http:\/\/www.100marathonclub.at\/index.php?rest_route=\/wp\/v2\/users\/43"}],"replies":[{"embeddable":true,"href":"http:\/\/www.100marathonclub.at\/index.php?rest_route=%2Fwp%2Fv2%2Fcomments&post=15526"}],"version-history":[{"count":15,"href":"http:\/\/www.100marathonclub.at\/index.php?rest_route=\/wp\/v2\/pages\/15526\/revisions"}],"predecessor-version":[{"id":15925,"href":"http:\/\/www.100marathonclub.at\/index.php?rest_route=\/wp\/v2\/pages\/15526\/revisions\/15925"}],"up":[{"embeddable":true,"href":"http:\/\/www.100marathonclub.at\/index.php?rest_route=\/wp\/v2\/pages\/15483"}],"wp:attachment":[{"href":"http:\/\/www.100marathonclub.at\/index.php?rest_route=%2Fwp%2Fv2%2Fmedia&parent=15526"}],"curies":[{"name":"wp","href":"https:\/\/api.w.org\/{rel}","templated":true}]}}