{"id":15483,"date":"2020-01-26T13:20:30","date_gmt":"2020-01-26T12:20:30","guid":{"rendered":"http:\/\/www.100marathonclub.at\/?page_id=15483"},"modified":"2026-01-05T20:41:17","modified_gmt":"2026-01-05T19:41:17","slug":"karl-alfred-erber","status":"publish","type":"page","link":"http:\/\/www.100marathonclub.at\/?page_id=15483","title":{"rendered":"Karl-Alfred Erber"},"content":{"rendered":"<blockquote>\n<hr \/>\n<\/blockquote>\n<div>\n<dl id=\"attachment_15538\">\n<dt>DOB: 1971\/9\/13<br \/>\nNationality: AUT<\/dt>\n<dt><img loading=\"lazy\" src=\"http:\/\/www.100marathonclub.at\/wp-content\/uploads\/60349BCA-6440-4301-8FB3-F28ED55B1B5C-300x222.jpeg\" alt=\"St.P\u00f6lten und ich ...\" width=\"300\" height=\"222\" \/><\/dt>\n<dd>St.P\u00f6lten und ich &#8230; der manchmal auch wie nachfolgend abgebildet in Pamplona, am Lago d\u2018Orta oder dann und wann in Tel Aviv oder ganz wo anders weilt und l\u00e4uft &#8230;<img loading=\"lazy\" src=\"http:\/\/www.100marathonclub.at\/wp-content\/uploads\/F3B82134-5F14-4061-9CDC-49E7EC4CEFC9-300x200.jpeg\" alt=\"F3B82134-5F14-4061-9CDC-49E7EC4CEFC9\" width=\"300\" height=\"200\" \/><img loading=\"lazy\" src=\"http:\/\/www.100marathonclub.at\/wp-content\/uploads\/96D3E1AD-0EFB-439D-888A-E1564D8F2141-300x200.jpeg\" alt=\"96D3E1AD-0EFB-439D-888A-E1564D8F2141\" width=\"300\" height=\"200\" \/> <img loading=\"lazy\" src=\"http:\/\/www.100marathonclub.at\/wp-content\/uploads\/8F32412B-D92D-46FF-B089-AD40BE08C05B-300x300.jpeg\" alt=\"8F32412B-D92D-46FF-B089-AD40BE08C05B\" width=\"300\" height=\"300\" \/><\/dd>\n<\/dl>\n<\/div>\n<p>Geboren in St. P\u00f6lten, wohne in St. P\u00f6lten, laufe im Leiberl des SKN St. P\u00f6lten.<\/p>\n<p>Nicht nur mit der einzigartig positiven Entwicklung der Laufstrecken und Naherholungsgebiete in meiner Heimatstadt, hat diese wunderbare Stadt immer mehr mein Herz im Sturm erobert. Einziges Manko: Meine Stadt hat (noch) keinen regelm\u00e4\u00dfig statt findenden eigenen lokalen Marathon.<\/p>\n<p>Doch wie habe ich zur Laufstrecken-Laufbahn gefunden?<\/p>\n<p>Begonnen hat mein Lauftraum kurz nach dem Jahr 2000, als ich nach einem laaaangen Konzert viel zu sp\u00e4t am Bahnhof (Westbahnhof Wien) angekommen bin, um den letzten Zug in meine wundersch\u00f6ne\u00a0Heimatstadt doch noch zu erwischen. Die hinteren Waggons des letzten Zuges waren nat\u00fcrlich abgesperrt. Meine einzige Chance da noch mitzukommen war f\u00fcr mich Nichtl\u00e4ufer &#8230; zu laufen &#8230; so schnell es ging. Mit letzter Kraft habe ich in letzter Sekunde noch den Zug erwischt. Doch die Luft war aus. Ich war wie tot. Laufen tut mir nicht gut, dachte ich davor. Ein Irrglaube. So wie bisher wollte ich nun nicht mehr weiter au\u00dfer Puste sein &#8230; und lie\u00df mich motivieren von Dr. Ulrich Strunz, der im Sportzentrum Nieder\u00f6sterreich einen Vortrag hielt &#8230; und 2001 war ich noch zu feige, beim Wachaumarathon meinen allerersten Marathon zu laufen &#8230; beim VCM 2002 war das dann nicht mehr so und so in etwa vier Tage vor dem Bewerb habe ich mich im letzten Moment angemeldet. Jetzt wollte ich es wissen &#8230; und sieheda &#8230;<\/p>\n<p>Nach jeder Flugphase ber\u00fchre auch ich wie jeder L\u00e4ufer kurz den Boden und bin bei jedem Schritt dankbar, bei dem ich das nicht mir den Handfl\u00e4chen tun mu\u00df. Ja, ich wei\u00df, es gibt zigtausende talentiertere und schnellere Marathonl\u00e4ufer als mich. Doch auch mir ist es nun schon gelungen ein paar Marathons zu finishen. F\u00fcr jeden einzelnen Schritt, den ich gemeinsam mit jenen Herzensmenschen, die dieser Distanz \u00e4hnlich verfallen sind wie ich, bisher laufen durfte, bin ich unendlich dankbar. Gemeinsam 42 &#8230; Life, the Universe &#8230; Everything &#8230; jedes Mal &#8230; jeder auf seine Art (Pace) &#8230; doch alle dieselben 42195 Meter entlang. Ein paar Mal durfte ich schon finishen, ein paar Mal ist es mir hoffentlich noch verg\u00f6nnt gemeinsam mit meinen Lauffreunden auf dieser Strecke Sieger (=Finisher) sein zu d\u00fcrfen &#8230;<\/p>\n<p><a href=\"https:\/\/m.facebook.com\/karlalfred.erber\" target=\"_blank\" rel=\"noopener noreferrer\">Facebook Karl-Alfred Erber<\/a><\/p>\n<p><a href=\"https:\/\/www.instagram.com\/karlerber\/?hl=de\" target=\"_blank\" rel=\"noopener noreferrer\">Instagram Karl-Alfred Erber<\/a><\/p>\n<p><a href=\"https:\/\/www.marathonaustria.com\/data.asp?person=507\" target=\"_blank\" rel=\"noopener noreferrer\">Marathonliste<\/a><\/p>\n<p><a href=\"https:\/\/www.marathonaustria.com\/pop_profile.asp?mode=display&amp;id=507\" target=\"_blank\" rel=\"noopener noreferrer\">MarathonAustria #507 Karl-Alfred Erber<\/a><\/p>\n<h1>1. Marathonhistorie:<\/h1>\n<h3>Jubil\u00e4umsmarathons<\/h3>\n<p>Erster Marathon 26.05.2002 beim Vienna City Marathon<br \/>\nF\u00fcnfzigster Marathon 06.07.2017 in Bad Blumau<br \/>\nHundertster Marathon 05.07.2019 in Bad Blumau<\/p>\n<p><a href=\"https:\/\/www.weltfussball.at\/news\/_n3694563_\/skn-marathonwolf-erber-feiert-hunderter\/\" target=\"_blank\" rel=\"noopener noreferrer\">Mein Hundertster Marathon<\/a><\/p>\n<p><a href=\"http:\/\/www.100marathonclub.at\/?page_id=15526\" target=\"_blank\" rel=\"noopener noreferrer\">So hat sich der Hunderter angef\u00fchlt<\/a><\/p>\n<p>Geplanter Hundertf\u00fcnfzigster Marathon am 17.05.2020 in Salzburg<\/p>\n<p>Absolvierter Hundertf\u00fcnfzigster Marathon (Danke COVID) am 07.07.2021 in Blumau.<\/p>\n<p>Zweihundertster Marathon am 10.07.2022 in Blumau.<\/p>\n<p>Zweihundertf\u00fcnfzigster Marathon am 12. Juli 2023 in Blumau.<\/p>\n<p>Zweihundertneunundneunzigster Marathon am 21. April 2024 beim Vienna City Marathon<\/p>\n<p>Dreihundertster Marathon am 27. April 2024 in Tulln beim Maratona di Comagena \u2026 Marathonia Cursus beim Ultrarunfestival 3.0 im Aubad Tulln<\/p>\n<p>300++ Marathon am 12. Mai 2024 beim Maratona della Battaglia in Curtatone (Italien)<\/p>\n<p>Dreihundertf\u00fcnfzigster Marathon am 27. April 2025 beim D\u00fcsseldorf Marathon<\/p>\n<p>Vierhundertster Marathon am 8. September 2025, dem Geburtstag der S\u00e4ngerin P!nk und dem Geburtstag von Colette O\u2019Hagan, in Madrid Valdebebas bei 10 Marathons in 10 Tagen in Madrid<\/p>\n<h3>Marathon Majors &#x2b50;&#xfe0f;&#x2b50;&#xfe0f;<\/h3>\n<p>23 Marathon Majors Marathons gefinisht<br \/>\nBerlin Marathon 22<br \/>\nChicago Marathon 1<\/p>\n<h3>10 Marathons in 10 Tagen<\/h3>\n<p>Insgesamt: 018<br \/>\n(2 davon bei 20in20 Benalm\u00e1dena)<br \/>\n@BadBlumau 2017, 2018, 2019, 2021, 2022, 2023, 2024, 2025<br \/>\n@Lago d\u2018Orta 2021,2022,2023, 2024,2025<br \/>\n@Benalm\u00e1dena 2025 (3)<br \/>\n@Melilla 2025<br \/>\n@Madrid &amp; Madrid Valdebebas 2025<\/p>\n<h3>Marathons pro Jahr<\/h3>\n<p>Insgesamt: 439<br \/>\n2025: 99<br \/>\n2024: 58<br \/>\n2023: 61<br \/>\n2022: 44<br \/>\n2021: 34<br \/>\n2020: 13<br \/>\n2019: 40<br \/>\n2018: 31<br \/>\n2017: 20<br \/>\n2016: 07<br \/>\n2015: 06<br \/>\n2014: 04<br \/>\n2013: 02<br \/>\n2012: 02<br \/>\n2011: 01<br \/>\n2010: 02<br \/>\n2009: 01<br \/>\n2008: 01<br \/>\n2007: 01<br \/>\n2006: 03<br \/>\n2005: 02<br \/>\n2004: 02<br \/>\n2003: 03<br \/>\n2002: 02<\/p>\n<h3>Schnellste Zeiten<\/h3>\n<p>26.09.2004 Berlin Marathon 03:47:21<br \/>\n28.09.2003 Berlin Marathon 03:50:44<br \/>\n25.09.2005 Berlin Marathon 03:51:36<br \/>\n07.05.2006 Vienna City Marathon 03:52:34<br \/>\n26.10.2003 LCCWienHerbstmarathon 03:55:21<br \/>\n16.05.2004 Vienna City Marathon 04:07:38<br \/>\n15.12.2019 Marat\u00f3n de M\u00e1laga 04:12:31<\/p>\n<h1>2. Meine Meinung zu Marathons wo ich gelaufen bin bzw. laufen wollte<\/h1>\n<h4>Lieblingsmarathons (mindestens 5 erfolgreiche Teilnahmen):<\/h4>\n<p style=\"text-align: left;\">Bad Blumau (84)<br \/>\nLago d\u2018Orta (Lido di Gozzano) (55)<br \/>\nBenalm\u00e1dena (30)<br \/>\nBerlin (22)<br \/>\nForte dei Marmi Forte Frontsea Marathon (16)<br \/>\nVienna City Marathon (16)<br \/>\nMaratona di Rieti (16)<br \/>\nBarcelona (14)<br \/>\nMadrid 10in10 (10)<br \/>\nMelilla (10)<br \/>\nValencia (9)<br \/>\nColmar Marathon (8)<br \/>\nLCC Wien Herbstmarathon (8)<br \/>\nLinz Marathon (6)<br \/>\nMaratona di Ravenna (7)<br \/>\n(Three)Livigno Marathon (6)<br \/>\nFos sur Mer (6)<br \/>\nFrankfurt (6)<br \/>\nHerzogenburg Marathon (5)<br \/>\nRauschenberg Burgwald M\u00e4rchen Marathon (5)<br \/>\nSalzburg (5)<br \/>\nM\u00e1laga (5)<\/p>\n<h3>Herzensmarathons:<\/h3>\n<p style=\"text-align: left;\">Koblenz<br \/>\nK\u00f6ln<br \/>\nRauchwart<br \/>\nSommeralm<br \/>\nTel Aviv<br \/>\nD\u00fcsseldorf<br \/>\nPamplona<br \/>\nSalzkammergut<br \/>\nVallelunga<br \/>\n3-L\u00e4nder-Marathon<br \/>\nFlorenz<br \/>\nPorto<br \/>\nWachau<br \/>\nLuxembourg<br \/>\nOslo<br \/>\nVerona<br \/>\nPrag<br \/>\nPrag Zatopek<br \/>\nBratislava<br \/>\nM\u00fcnchen<br \/>\nZ\u00fcrich Neujahrsmarathon<br \/>\nRadenska<br \/>\nBad F\u00fcssing<br \/>\nSuper Marathon di Fano (Italy)<br \/>\nZurich Marat\u00f3n de Sevilla<br \/>\nLCC Wien Babenberger Marathon<br \/>\nInternationaler K\u00e4rnten Marathon<br \/>\nStockholm Marathon<br \/>\nWien Rundumadum Kurze Gschicht<br \/>\nPesaro Marathon<br \/>\nLimassol Marathon<br \/>\nMaratona del Lamone<br \/>\n12H von Langenzersdorf Marathonbewerb<br \/>\nMSM MidnightSun Marathon Troms\u00f8<br \/>\nMaratona di Classe (Ravenna)<br \/>\nMisano Marathon<br \/>\nBologna Marathon<br \/>\nGreat Breweries Marathon Breendonk (Puurs-Sint-Amands)<br \/>\nMaratona della Battaglia (Curtatone)<br \/>\nG\u00f6teborgsvarvet Marathon<br \/>\nChicago Marathon<br \/>\nMaratona di Roma<br \/>\nMaratona di Comagena \u2026 Marathonia Cursus beim Ultrarunfestival im Aubad Tulln<br \/>\nF\u00f6hrenwaldmarathon in Neunkirchen<br \/>\nRimini<br \/>\nGolser Weinbergmarathon<br \/>\nMarathon(s) im Rahmen der Tullner Lauftage<br \/>\nBlaufr\u00e4nkischland Marathon Deutschkreutz<br \/>\nMental Health Marathon \u00a0Zell am See<\/p>\n<h3>Not so perfect:<\/h3>\n<p>Reggio Emilia<br \/>\nLisboa<br \/>\nMadrid<br \/>\nGraz<\/p>\n<h3>Disgusting (&#8220;Yippie-Ya-Yeah, Schweinebacke&#8221;):<\/h3>\n<p><a href=\"http:\/\/www.100marathonclub.at\/?page_id=15566\">Weihnachtsmarathon Langenzersdorf<\/a><\/p>\n<h1>3. Grateful Member of:<\/h1>\n<p>100 Marathon Club Austria<br \/>\nClub Super Marathon Italia<br \/>\nClub 100 Maratones Espa\u00f1a<br \/>\nBerlin Marathon Jubilee Club<br \/>\nVienna City Marathon Club of Honour<br \/>\nGolden Runners Club Linz Marathon<br \/>\nFC Barcelona<br \/>\nPenya Barcelonista de Viena<br \/>\nSKN St. P\u00f6lten<br \/>\nSKN St. P\u00f6lten Frauen<br \/>\nWolfbrigade 04<br \/>\nWolfsblut Fanclub der SKN St. P\u00f6lten Frauen<\/p>\n<h1>4. Emotionen &#8230;<\/h1>\n<h3>Besonders dankbar f\u00fcr:<\/h3>\n<p>2017, 2018, 2019, 2021, 2022, 2023, 2024, 2025 Finisher 10in10 Bad Blumau<br \/>\n2021,2022,2023, 2024,2025 Finisher 10in10 Orta Lido di Gozzano (Vierter \u00d6sterreicher dem es jemals gelungen ist mindestens einmal 10in10 in Orta zu finishen \u2026 nach Werner Kroer, Andreas Kapui und Ambros M\u00fchlbachler)<br \/>\n2021, 2022 einziger (und damit schnellster \u00d6sterreicher) \u2026 der 10in10 sowohl in Orta als auch in Bad Blumau in einem Sommer gefinisht hat \u2026<br \/>\n(damit bin ich nach Werner Kroer im Sommer 2017 erst der zweite \u00d6sterreicher dem dies verg\u00f6nnt war).<br \/>\n2022 einziger (und damit schnellster \u00d6sterreicher \u2026 und das mit 2 letzten Pl\u00e4tzen \u2026 Hip Hip Hoorray Austri\u00e4) der 10in10 sowohl in Orta als auch in Bad Blumau in einem Sommer gefinisht hat \u2026 erster \u00d6sterreicher dem es verg\u00f6nnt war nun in 5 Sommern (2021, 2022, 2023, 2024, 2025) sowohl Blumau als auch Orta 10in10 zu finishen.<br \/>\n40 gefinishte Marathons 2019 &#8230; ich kenne niemanden in \u00d6sterreich dem 2019 dies oder mehr verg\u00f6nnt war &#8230;<br \/>\n44 gefinishte Marathons 2022 \u2026 ich kenne niemanden in \u00d6stereich dem 2022 dies oder mehr verg\u00f6nnt war \u2026<\/p>\n<h3>Besonders ver\u00e4rgert \u00fcber:<\/h3>\n<p><a href=\"http:\/\/www.100marathonclub.at\/?page_id=15566\">das was anl\u00e4sslich meiner Anmeldung beim \u201eOffen f\u00fcr Alle\u201c Langenzersdorfer (L.E.) Weihnachtsmarathon passiert ist &#8230;<\/a><\/p>\n<h1>5. Die Dunkle Seite:<\/h1>\n<p>1 DNF Valencia 2013<br \/>\n1 DNF Pamplona 2016 zu langsam<br \/>\n1 DNF Welschmarathon zu langsam<br \/>\n1 DNLMF Linz Marathon 2024 @KM40<br \/>\n1 DNLMF Sevilla Marathon 2025 @KM46 nach Orientierungsverlust auf der nicht markierten Strecke in der Altstadt von Sevilla<br \/>\n1 Absage wegen Hochwasser M\u00e1laga Marathon 2016<br \/>\n<a href=\"http:\/\/www.100marathonclub.at\/?page_id=15566\">1 Von der Teilnahme durch den Veranstalter ausgeschlossen Langenzersdorf 2019<\/a><\/p>\n<h1>6. LieblingsDings:<\/h1>\n<h4>LieblingsRoteBeeteSaft<\/h4>\n<p>FitRabbit R\u00fcbenHerz<\/p>\n<h4>LieblingsGlykogenQuellen<\/h4>\n<p>Dinkel Vollkornfussili und Bananen<\/p>\n<h4>LieblingsPastaMaker<\/h4>\n<p>Vapiano<\/p>\n<h4>LieblingsVapiano<\/h4>\n<p>Wien Praterstra\u00dfe<\/p>\n<h4>LieblingsVapianoGericht<\/h4>\n<p>Quinoa Bowl \/ QuinoaSalat<\/p>\n<h4>LieblingsTapasBar<\/h4>\n<p>L\u2019ASE (What Else?)<\/p>\n<h4>LieblingsLaufLeiberl<\/h4>\n<p>Macron S.p.A.<\/p>\n<h4>LieblingsLaufLeiberlFarbe<\/h4>\n<p>Pink<\/p>\n<h4>LieblingsR\u00fcckenBeflockung<\/h4>\n<p>33 OLSEN (Hilde Gunn Olsen)<\/p>\n<h4>LieblingsLaufHose<\/h4>\n<p>Jene Tights die mindestens ein Tascherl mit Rei\u00dfverschluss haben &#8230; also Nike, Macron, Luanvi etc.<\/p>\n<h4>LieblingsGenialste Sporttasche<\/h4>\n<p>SportHacks<\/p>\n<h4>LieblingsLaufUtensil auf holpriger Strecke<\/h4>\n<p>Wrist Guard (Handfl\u00e4chenprotektoren)<\/p>\n<h4>Lieblingsleistunsdiagnostiker und Lieblingslaktatdiagnostiker<\/h4>\n<p>Mag. Wilhelm Lilge<\/p>\n<h4>LieblingsLaufMotivationsInitialZ\u00fcnder<\/h4>\n<p>Dr. Ulrich Strunz<\/p>\n<h3>Lieblingssatz den jemals K\u00fcnstliche Intelligenz \u00fcber mich gebastelt hat<\/h3>\n<p>\u201cHe\u2019s a great example of how persistence, passion, and a touch of humor can turn a missed train into a lifelong adventure.\u201d<\/p>\n","protected":false},"excerpt":{"rendered":"<p>DOB: 1971\/9\/13 Nationality: AUT St.P\u00f6lten und ich &#8230; der manchmal auch wie nachfolgend abgebildet in Pamplona, am Lago d\u2018Orta oder dann und wann in Tel Aviv oder ganz wo anders weilt und l\u00e4uft &#8230; Geboren in St. P\u00f6lten, wohne in St. P\u00f6lten, laufe im Leiberl des SKN St. P\u00f6lten. Nicht nur mit der einzigartig positiven &hellip; <a href=\"http:\/\/www.100marathonclub.at\/?page_id=15483\" class=\"more-link\"><span class=\"screen-reader-text\">Karl-Alfred Erber<\/span> weiterlesen <span class=\"meta-nav\">&rarr;<\/span><\/a><\/p>\n","protected":false},"author":43,"featured_media":0,"parent":0,"menu_order":0,"comment_status":"closed","ping_status":"closed","template":"","meta":[],"_links":{"self":[{"href":"http:\/\/www.100marathonclub.at\/index.php?rest_route=\/wp\/v2\/pages\/15483"}],"collection":[{"href":"http:\/\/www.100marathonclub.at\/index.php?rest_route=\/wp\/v2\/pages"}],"about":[{"href":"http:\/\/www.100marathonclub.at\/index.php?rest_route=\/wp\/v2\/types\/page"}],"author":[{"embeddable":true,"href":"http:\/\/www.100marathonclub.at\/index.php?rest_route=\/wp\/v2\/users\/43"}],"replies":[{"embeddable":true,"href":"http:\/\/www.100marathonclub.at\/index.php?rest_route=%2Fwp%2Fv2%2Fcomments&post=15483"}],"version-history":[{"count":193,"href":"http:\/\/www.100marathonclub.at\/index.php?rest_route=\/wp\/v2\/pages\/15483\/revisions"}],"predecessor-version":[{"id":23171,"href":"http:\/\/www.100marathonclub.at\/index.php?rest_route=\/wp\/v2\/pages\/15483\/revisions\/23171"}],"wp:attachment":[{"href":"http:\/\/www.100marathonclub.at\/index.php?rest_route=%2Fwp%2Fv2%2Fmedia&parent=15483"}],"curies":[{"name":"wp","href":"https:\/\/api.w.org\/{rel}","templated":true}]}}