{"id":10815,"date":"2016-04-11T08:24:27","date_gmt":"2016-04-11T07:24:27","guid":{"rendered":"http:\/\/www.100marathonclub.at\/?page_id=10815"},"modified":"2016-09-26T22:41:26","modified_gmt":"2016-09-26T21:41:26","slug":"eintraege-122015-12015","status":"publish","type":"page","link":"http:\/\/www.100marathonclub.at\/?page_id=10815","title":{"rendered":"Eintr\u00e4ge 01 &#8211; 12\/2015"},"content":{"rendered":"<div class=\"entry-content\"><\/div>\n<hr \/>\n<div class=\"entry-content\">\n<p><strong><em>Ultimativ letzte L\u00e4ufe des Jahres 2015 !!!!!!!!!!!<\/em><\/strong>:<\/p>\n<p>Donnerstag 31. Dezember \u2013<strong>Silvester <\/strong><\/p>\n<p><strong>Gerhard Wally <\/strong>finishte seinen 15 . \u201eMaratona di San Silvestre\u201c in Calderara di Reno in <strong>03:47:49 <\/strong>.<\/p>\n<p><a href=\"http:\/\/www.100marathonclub.at\/wp-content\/uploads\/Wally-Silvester-20152.jpg\" data-slimstat-clicked=\"false\" data-slimstat-type=\"2\" data-slimstat-tracking=\"false\" data-slimstat-callback=\"false\" data-slimstat-async=\"false\" data-rel=\"lightbox-image-0\" data-rl_title=\"\" data-rl_caption=\"\" title=\"\"><img loading=\"lazy\" class=\"alignleft size-medium wp-image-10146\" src=\"http:\/\/www.100marathonclub.at\/wp-content\/uploads\/Wally-Silvester-20152-300x262.jpg\" sizes=\"(max-width: 300px) 100vw, 300px\" srcset=\"http:\/\/www.100marathonclub.at\/wp-content\/uploads\/Wally-Silvester-20152-300x262.jpg 300w, http:\/\/www.100marathonclub.at\/wp-content\/uploads\/Wally-Silvester-20152.jpg 643w\" alt=\"Wally Silvester 20152\" width=\"300\" height=\"262\" \/><\/a><\/p>\n<p>und <strong>Andy<\/strong> wollte seine Laufsaison in Jahr 2015 auch mit einem kleinen \u201eAuslauf\u201c beenden. Er hat noch schnell vor der Silvesterparty den 10 km \u201c X-Sport POWER Silvesterlauf\u201c in V\u00f6sendorf absolviert!<\/p>\n<p>Bravo!!!<\/p>\n<p>++31.12.2015\/Sofi++<\/p>\n<\/div>\n<hr \/>\n<div class=\"entry-content\">\n<p><strong><em>Ergebnisse vom vierten Advent-Wochenende<\/em><\/strong>:<\/p>\n<p>Samstag 19. Dezember \u2013<strong>Zilina <\/strong>(SVK)<\/p>\n<div id=\"attachment_10089\" class=\"wp-caption alignleft\">\n<p><img loading=\"lazy\" class=\"size-medium wp-image-10089\" src=\"http:\/\/www.100marathonclub.at\/wp-content\/uploads\/Werner-Zilina1-168x300.jpg\" alt=\"Werner und Josef \" width=\"168\" height=\"300\" srcset=\"http:\/\/www.100marathonclub.at\/wp-content\/uploads\/Werner-Zilina1-168x300.jpg 168w, http:\/\/www.100marathonclub.at\/wp-content\/uploads\/Werner-Zilina1.jpg 540w\" sizes=\"(max-width: 168px) 100vw, 168px\" \/><\/p>\n<p class=\"wp-caption-text\">Werner und Josef<\/p>\n<p><strong>Werner Kroer<\/strong> finishte in <strong>04:27:00<\/strong> seinen 24. Marathon im Jahr 2015, insgesamt die 115. Zielankunft bei einem Marathon.<\/p>\n<p><strong>Josef St\u00f6ger<\/strong> finishte vor Werner in <strong>04:19:49<\/strong> seinen 5. Marathon im Jahr 2015.<\/p>\n<p>Werner und Josef cool warten auf \u2026..<\/p>\n<p>Sonntag 20.Dezember \u2013 Mehrfachbesetzung in <strong>PISA<\/strong><\/p>\n<div id=\"attachment_10072\" class=\"wp-caption alignleft\">\n<p><img loading=\"lazy\" class=\"size-medium wp-image-10072\" src=\"http:\/\/www.100marathonclub.at\/wp-content\/uploads\/Wally-B\u00f6rni-Pisa2-300x225.jpg\" sizes=\"(max-width: 300px) 100vw, 300px\" srcset=\"http:\/\/www.100marathonclub.at\/wp-content\/uploads\/Wally-B\u00f6rni-Pisa2-300x225.jpg 300w, http:\/\/www.100marathonclub.at\/wp-content\/uploads\/Wally-B\u00f6rni-Pisa2-1024x768.jpg 1024w\" alt=\"Gerhard und B\u00f6rnie\" width=\"300\" height=\"225\" \/><\/p>\n<p class=\"wp-caption-text\">Gerhard und B\u00f6rnie<\/p>\n<p>Gerhard und B\u00f6rnie haben gut lachen im Ziel<\/p>\n<p>Kein Wochenende ohne Spitzenergebnis von <strong>Gerhard Wally<\/strong>. Er finishte seinen <strong>33.<\/strong> Marathon im Jahr 2015 in <strong>03:36:59 <\/strong>(nur einige Hunderstel langsamer als in Reggio) insgesamt der 564. Zieleinlauf!<\/p>\n<p><strong>Bernhard \u201cB\u00f6rni\u201d Keiler<\/strong> finishte in pers\u00f6nlicher Jahresbestzeit von <strong>04:16:21<\/strong>, heuer der 8. und insgesamt der 128. Marathon.<\/p>\n<p>Der Rechnungspr\u00fcfer des 100er Clubs<strong> Herbert Bauer<\/strong> finishte in <strong>05:04:44<\/strong> seinen 6. Marathon im Jahr 2015. Das ist neuer Jahresrekord <img src=\"http:\/\/wp1.ewerkstatt.com\/wp-includes\/images\/smilies\/simple-smile.png\" alt=\":-)\" \/><\/p>\n<p>Gratulation an alle!!! Ihr habt eine Menge von den Weihnachtskeksi und Punsche verdient !!!!<\/p>\n<p>++21.12.2015\/Sofi++<\/p>\n<\/div>\n<hr \/>\n<div class=\"entry-content\">\n<p>Donnerstag\/Freitag 17-18.Dezember 2015 der Wahnsinn geht weiter<\/p>\n<p><strong>Andy<\/strong> hat es wirklich ernst gemeint \u201d Muss endlich aufh\u00f6ren weniger zu laufen! \u201d und in <strong>Dreihuis<\/strong> (Niederlande) den <strong>L\u00e4ngsteNachtLauf<\/strong> absolviert, den ganze <strong><em>24 Stunden<\/em> <\/strong>Lauf.<\/p>\n<p>Er hat <strong><em>100,10 km<\/em> <\/strong>geleistet!! <em>Gratulation Andy <\/em>!!!!!<\/p>\n<p>++20.12.2015\/Sofi++<\/p>\n<\/div>\n<hr \/>\n<div class=\"entry-content\">\n<p>Nachtrag von Samstag 5.Dezember 2015<\/p>\n<p>Ein heller Wahnsinn, unser Club0bmann <strong>Bernhard Bruckner<\/strong> hat das \u201c<strong>Getting Tough The Race 4<\/strong>\u201d geschafft!<\/p>\n<p><img loading=\"lazy\" class=\"alignleft size-medium wp-image-10054\" src=\"http:\/\/www.100marathonclub.at\/wp-content\/uploads\/BBruckner1-225x300.jpg\" sizes=\"(max-width: 225px) 100vw, 225px\" srcset=\"http:\/\/www.100marathonclub.at\/wp-content\/uploads\/BBruckner1-225x300.jpg 225w, http:\/\/www.100marathonclub.at\/wp-content\/uploads\/BBruckner1.jpg 720w\" alt=\"Bernhard \" width=\"225\" height=\"300\" \/><\/p>\n<p>Es war sch\u00f6n, schwer, schmerzhaft, aber es war auch genial Meine Vermutung stimmt, ich bin nicht klein, hab nur kurze Beine die mir bei den vielen Kletterhindernissen nicht wirklich eine Hilfe waren, aber mit Ausdauer und Hilfe geht alles. Mit den Eskaladierw\u00e4nden werde ich nie gut Freund werden \u2013 12 an der Zahl Es waren diesmal Ca 50 Hindernisse mehr, nach dem Motto h\u00f6her, schneller, nasser, weiter. 10 Eiskalte Duschen schwemmen zwar den Schlamm weg, bringen dich aber zum Zittern \u2026\u2026\u2026, Nein, das Rennen hat mich nicht zerst\u00f6rt<\/p>\n<p>Und so war es\u2026.<\/p>\n<p><a href=\"https:\/\/www.facebook.com\/GettingToughTheRace\/videos\/1175775525783655\/\" data-slimstat-clicked=\"false\" data-slimstat-type=\"0\" data-slimstat-tracking=\"true\" data-slimstat-callback=\"true\" data-slimstat-async=\"false\"><u><span style=\"color: #0066cc;\">https:\/\/www.facebook.com\/GettingToughTheRace\/videos\/1175775525783655\/<\/span><\/u><\/a><\/p>\n<p>++20.12.2015\/Sofi++<\/p>\n<\/div>\n<hr \/>\n<div class=\"entry-content\">\n<p>Sonntag, 13. Dezember 2015<\/p>\n<p>Kein Wochenende ohne Spitzenergebnis von <strong>Gerhard Wally<\/strong>. Er finisht am Sonntag in Reggio Emilia seinen 563. Marathon in fantastischen <strong>03:36:58<\/strong>. Wir gratulieren zu dieser tollen Serie. The great moment auf Facebook:<\/p>\n<p><strong><a href=\"https:\/\/www.facebook.com\/photo.php?fbid=1175889479092589&amp;set=pcb.1175892002425670&amp;type=3&amp;theater\" data-slimstat-clicked=\"false\" data-slimstat-type=\"0\" data-slimstat-tracking=\"true\" data-slimstat-callback=\"true\" data-slimstat-async=\"false\"><u><span style=\"color: #0066cc;\">https:\/\/www.facebook.com\/photo.php?fbid=1175889479092589&amp;set=pcb.1175892002425670&amp;type=3&amp;theater<\/span><\/u><\/a><\/strong><\/p>\n<p>++14.12.2015\/B\u00f6++<\/p>\n<\/div>\n<hr \/>\n<div class=\"entry-content\">\n<p>Ergebnis vom Sonntag, 6. Dezember 2015:<\/p>\n<div id=\"id_5665364c606566166909670\">\n<p><strong>Gerhard Wally<\/strong> finisht am Nikolaustag den XVIII Maratona die Latina Provincia, Citta di Sabaudia in fantastischen <strong>03:34:19<\/strong>, sein 31. Finish im Jahr 2015 und gesamt bereits 562 Zieleinl\u00e4ufe. Wir gratulieren zu dieser tollen Leistung.<\/p>\n<p>++7.12.2015\/B\u00f6++<\/p>\n<\/div>\n<hr \/>\n<div class=\"entry-content\">\n<p>Nachtrag Ergebnisse vom letzten November-Wochenende:<strong>Gerhard Wally<\/strong> finishte seinen 20. <strong>Florenzmarathon<\/strong> in <strong>03:52:29<\/strong>, sein 30. Marathonfinish im Jahr 2015, insgesamt der 561. Zieleinlauf!<\/p>\n<p><strong>Werner Kroer<\/strong> l\u00e4uft seinen 3. <strong>Crikvenica Marathon<\/strong> in 04:19:06, heuer der 23. und insgesamt der 114. Marathon.<\/p>\n<p><strong>Bernhard \u201cB\u00f6rni\u201d Keiler<\/strong> finishte seine 5. <strong>Florenzmarathon<\/strong> in <strong>04:36:52<\/strong>, heuer der 7. und insgesamt der 127. Marathon.<\/p>\n<p>++01.12.2015\/B\u00f6++<\/p>\n<\/div>\n<hr \/>\n<div class=\"entry-content\">\n<p><strong>Neueste Ergebnisse:<\/strong><\/p>\n<p><em><strong>Gerhard Wally<\/strong> <\/em>finishte heute (22.11.2015) in <strong>Rieti,<\/strong> Italien (89 km nord\u00f6stlich von Rom) seinen <strong>560. Marathon<\/strong> wieder in einer Superzeit von <strong>03:51:24 ! <\/strong>Heuer schon das 29. Marathonfinish!<\/p>\n<p><strong><em>Werner Kroer<\/em> <\/strong>finishte gestern (21.11.2015) in<strong> Srch<\/strong> (80km \u00f6stlich von Prag) seinen <strong>113. Marathon<\/strong> in der tollen Zeit von <strong>04:25:36<\/strong>! Heuer schon das 22. Marathonfinish!<\/p>\n<p>++23.11.2015\/B\u00f6++<\/p>\n<\/div>\n<hr \/>\n<div class=\"entry-content\">\n<p><strong>Super Ergebnisse, mehrfache Grund zum Feiern:<\/strong> Am 15.11 \u2013 <strong><em>Gerhard Wally<\/em><\/strong> im Palermo finishte wieder unter <strong><em> 4 Stunde (3:59:40 )<\/em>!<\/strong> seinen bislang <strong>559. (!) <\/strong>) Marathon \u2013 Frauenfeld \u2014 <em>Werner Kroer<\/em> 04:42:09 (<strong>112. Marathon<\/strong>) \u2013 Istambul \u2014 <em>Ernst Fink <\/em> 04:10:10 (<strong>209. Marathon<\/strong>) \u2013 Verona \u2014 <em>Michael Dorfstaetter <\/em> 3:51:38 (<strong>85. Marathon<\/strong>)<strong> Herzliche Gratulation! <\/strong> ++15.11.2015\/Sofi++<\/p>\n<\/div>\n<hr \/>\n<div class=\"entry-content\">\n<p><strong>Graz, 11.10. \u2013 Graz Marathon:<\/strong> Der 22. Graz Marathon am Sonntag lieferte trotz mehrst\u00fcndigem Dauerregen mehrfachen Grund zum Feiern: unser Mitglied <em>Helmut Linzbichler<\/em> absolvierte bei dieser Veranstaltung seinen <strong><em>300. Marathon\/Ultra<\/em><\/strong> und finishte in erstklassigen 4:51:29. Dies bedeutete nicht nur den 2. Platz in seiner Altersklasse (M-70), sondern war auch eine fast auf die Sekunde genau getaktete Endzeit, mit dem Anspruch, genau die Zeit seines ersten Marathons \u2013 1985 in Graz (3:51:40) \u2013 plus exakt 1 Stunde, zu erzielen. Wir gratulieren Helmut zu seinem bisherigen \u2018Gesamtwerk\u2019 recht herzlich. Ebenso sensationell ist die Leistung unseres \u00f6sterreichischen Rekordhalters in der Anzahl der meistgelaufenen Marathons, <em>Gerhard Wally<\/em>, einzuordnen, der in Graz seinen bislang <strong>555. (!) Marathon<\/strong> erfolgreich absolvierte. Seine dabei immer wieder erzielten Zeiten gut unter vier Stunden k\u00f6nnen sich allemal sehen lassen: 3:49:04 im Grazer Dauerregen, das war auch Platz 17 in der sehr starken AK M-55. Ebenso dabei in Graz waren auch noch <em>Werner Kroer<\/em> (4:19:25) und <em>Andy Kapui<\/em> (4:34:18).<\/p>\n<p>++rxn++<\/p>\n<\/div>\n<hr \/>\n<div class=\"entry-content\">\n<p><strong>P\u00f6rtschach (K), 19.9. \u2013 W\u00f6rthersee Trail:<\/strong> Unser Mitglied Eveline Rac (\u2018Ultramaradonna\u2019) hat den W\u00f6rthersee Trail Maniak Ultralauf, in der Kategorie 60 KM mit 1.686 H\u00f6henmetern, erfolgreich in 9:26:15 absolviert. Das bedeutet den exzellenten 20. Platz unter allen Frauen, und den 6. AK-Platz.<\/p>\n<p>++rxn++<\/p>\n<\/div>\n<hr \/>\n<div class=\"entry-content\">\n<p><strong>Manitou Springs, 15.\/16.8. \u2013 Pikes Peak Ascent (HM) + Marathon:<\/strong> Unser Mitglied Helmut Linzbichler hat am Wochenende (SO 16.8.) zum wiederholten Male den ber\u00fchmt-ber\u00fcchtigten Pikes Peak Marathon in Colorado (US) erfolgreich absolviert. Der Marathon startet auf \u00fcber 2.000 m Seeh\u00f6he im kleinen Ort Manitou Springs und f\u00fchrt 21,2 km direkt auf einen der \u00fcber f\u00fcnfzig 4.000er-Gipfel in Colorado, den Pikes Peak mit 4.300 m, wo sich dann auch der Wendepunkt befindet. Die L\u00e4uferInnen erwartet am h\u00f6chsten Punkt des Marathonkurses ein \u00e4rztlicher Kurzcheck und eine Labestelle, und dann geht es in raschest m\u00f6glichem Laufstil wieder bergab (wobei sich das Bergablaufen auf \u00fcber 4.000m Seeh\u00f6he aufgrund des 50% geringeren Sauerstoffgehalts der Luft ebenfalls extrem anstrengend gestaltet). Helmut finisht den Marathon in 8h:11\u2032 und verpasst damit in der AK M70-74 den Sieg nur um knappe 3 Minuten (der Drittplatzierte klassiert sich bereits \u00fcber 1 Stunde dahinter!). Neben dem vollen Marathon findet allj\u00e4hrlich auch am Samstag (15.8.) der sogenannte \u2018Pikes Peak Ascent\u2019 (Halbmarathon, nur hinauf) statt. Bei diesem HM l\u00e4uft Helmut mit 4h:27\u2032 ebenfalls einen hervorragenden 2. Platz in seiner AK M70 heraus. N\u00e4heres unter <a href=\"http:\/\/www.pikespeakmarathon.org\/Results.shtml\" data-slimstat-clicked=\"false\" data-slimstat-type=\"0\" data-slimstat-tracking=\"true\" data-slimstat-callback=\"true\" data-slimstat-async=\"false\"><u><span style=\"color: #0066cc;\">http:\/\/www.pikespeakmarathon.org\/Results.shtml<\/span><\/u><\/a><\/p>\n<p>++wk++<\/p>\n<\/div>\n<hr \/>\n<div class=\"entry-content\">\n<p>Mit der Teinahme von Andy Kapui und Werner Kroer bei dem zum zweiten Mal stattfindenden Ultra-Event \u201c<strong>10-Marathons-in-10-Days<\/strong>\u201d in Gozzano (Novara; Italien) hat der 100 Marathon Club Austria ein weiteres starkes Lebenszeichen zu Beginn des zweiten Halbjahres gesetzt. Beide Ultra-\/Marathonl\u00e4ufer konnten alle 10 Marathons innerhalb der 10 Tage vom 1.-10.8. d.J. (je 1 x 42,2 K) absolvieren und sich ins Geschichtsbuch dieser Veranstaltung mit viel Zukunft einschreiben. Andy finishte die 422 Kilometer in einer Gesamtzeit von 55h:19\u2032 und Werner Kroer in insgesamt 48h:52\u2032. Von den anf\u00e4nglich 31 L\u00e4ufer\/innen schafften es letzlich 23 Teilnehmer\/innen, alle 10 Marathons in der vorgegebenen Zeit zu absolvieren. Die Zeiten wurden im Vergleich zum Vorjahr (gleiche Strecke; nicht flach, 1\/3 Trail) bei allen L\u00e4ufern aufgrund der extremen Hitze von bis zu 39\/40 Grad Celsius um mindestens 20 \u2013 30 Minuten pro Lauf verlangsamt. Bilder und weitere Info unter: <a href=\"http:\/\/www.clubsupermarathon.it\/maratone\/2505-2-edizione-della-10-marathons-in-10-days-lago-d-orta-01-10-08-2015.html\" data-slimstat-clicked=\"false\" data-slimstat-type=\"0\" data-slimstat-tracking=\"true\" data-slimstat-callback=\"true\" data-slimstat-async=\"false\"><u><span style=\"color: #0066cc;\">http:\/\/www.clubsupermarathon.it\/maratone\/2505-2-edizione-della-10-marathons-in-10-days-lago-d-orta-01-10-08-2015.html<\/span><\/u><\/a><\/p>\n<hr \/>\n<p>Der 100 Marathon Club Austria hat nach letztem Meldungsstand (Ultras noch nicht ganz vollstaendig) durch seine Mitglieder im <em>ersten Halbjahr 2015 <\/em>in Summe mindestens <strong> 59 Marathons und Ultras <\/strong>erfolgreich absolviert. Nach letztem Informationsstand wird diese Zahl im zweiten Halbjahr signifikant \u00fcbertroffen werden. llen L\u00e4ufer\/inn\/en weiterhin gutes Gelingen!<\/p>\n<hr \/>\n<\/div>\n<\/div>\n<\/div>\n<\/div>\n","protected":false},"excerpt":{"rendered":"<p>Ultimativ letzte L\u00e4ufe des Jahres 2015 !!!!!!!!!!!: Donnerstag 31. Dezember \u2013Silvester Gerhard Wally finishte seinen 15 . \u201eMaratona di San Silvestre\u201c in Calderara di Reno in 03:47:49 . und Andy wollte seine Laufsaison in Jahr 2015 auch mit einem kleinen \u201eAuslauf\u201c beenden. Er hat noch schnell vor der Silvesterparty den 10 km \u201c X-Sport POWER &hellip; <a href=\"http:\/\/www.100marathonclub.at\/?page_id=10815\" class=\"more-link\"><span class=\"screen-reader-text\">Eintr\u00e4ge 01 &#8211; 12\/2015<\/span> weiterlesen <span class=\"meta-nav\">&rarr;<\/span><\/a><\/p>\n","protected":false},"author":1,"featured_media":0,"parent":0,"menu_order":0,"comment_status":"closed","ping_status":"closed","template":"","meta":[],"_links":{"self":[{"href":"http:\/\/www.100marathonclub.at\/index.php?rest_route=\/wp\/v2\/pages\/10815"}],"collection":[{"href":"http:\/\/www.100marathonclub.at\/index.php?rest_route=\/wp\/v2\/pages"}],"about":[{"href":"http:\/\/www.100marathonclub.at\/index.php?rest_route=\/wp\/v2\/types\/page"}],"author":[{"embeddable":true,"href":"http:\/\/www.100marathonclub.at\/index.php?rest_route=\/wp\/v2\/users\/1"}],"replies":[{"embeddable":true,"href":"http:\/\/www.100marathonclub.at\/index.php?rest_route=%2Fwp%2Fv2%2Fcomments&post=10815"}],"version-history":[{"count":6,"href":"http:\/\/www.100marathonclub.at\/index.php?rest_route=\/wp\/v2\/pages\/10815\/revisions"}],"predecessor-version":[{"id":11667,"href":"http:\/\/www.100marathonclub.at\/index.php?rest_route=\/wp\/v2\/pages\/10815\/revisions\/11667"}],"wp:attachment":[{"href":"http:\/\/www.100marathonclub.at\/index.php?rest_route=%2Fwp%2Fv2%2Fmedia&parent=10815"}],"curies":[{"name":"wp","href":"https:\/\/api.w.org\/{rel}","templated":true}]}}