{"id":105,"date":"2012-05-14T17:00:17","date_gmt":"2012-05-14T17:00:17","guid":{"rendered":"http:\/\/100marathonclub.at\/?page_id=105"},"modified":"2014-01-18T17:29:58","modified_gmt":"2014-01-18T16:29:58","slug":"impressum","status":"publish","type":"page","link":"http:\/\/www.100marathonclub.at\/?page_id=105","title":{"rendered":"Impressum"},"content":{"rendered":"<p>Information gem\u00e4\u00df \u00a7 5 E-Commerce-Gesetzes und Offenlegung gem\u00e4\u00df \u00a7 25 Medien-Gesetzes:<\/p>\n<p>Es wird\u00a0darauf hingewiesen, dass keine Haftung oder Garantie f\u00fcr die Aktualit\u00e4t, Richtigkeit und Vollst\u00e4ndigkeit der zur Verf\u00fcgung gestellten Informationen\u00a0\u00fcbernommen wird. Davon betroffen sind auch\u00a0die Inhalte externer Websites (Links),\u00a0auf die hier verwiesen wird.\u00a0Der Betreiber\u00a0dieser Wesite hat keinerlei Einfluss auf die Gestaltung und die Inhalte der gelinkten Seiten und ist f\u00fcr eine laufende \u00dcberpr\u00fcfung der externen Links auf m\u00f6gliche illegale Inhalte\u00a0nicht zust\u00e4ndig. Daher\u00a0distanziert sich der Betreiber ausdr\u00fccklich von allen Inhalten der gelinkten Seiten und macht sich deren Inhalte nicht zu Eigen. Diese Erkl\u00e4rung gilt f\u00fcr alle auf der Website des &#8220;100 Marathon Club Austria&#8221; abrufbaren externen Links.<\/p>\n<p>Haftungsausschluss: Der &#8220;100 Marathon Club Austria&#8221; ist nicht verantwortlich f\u00fcr irgendwelche Verletzungen oder Todesf\u00e4lle infolge der Teilnahme an einem Marathon. Anf\u00e4ngern ist zu empfehlen, ein \u00e4rztliches Attest einzuholen, bevor sie mit einem Trainingsprogramm beginnen oder bei einem Marathon starten.<\/p>\n<p>F\u00fcr Besucher gilt, dass die (kommerzielle) Verwendung s\u00e4mtlicher Inhalte (Texte, Fotos , Tabellen und Grafiken)\u00a0nur mit ausdr\u00fccklicher Genehmigung durch den Betreiber resp. Eigent\u00fcmer gestattet ist. Alle von den Vereinsmitgliedern in ihren jeweiligen Beitr\u00e4gen\/Blogs\u00a0bereitgestellten Daten (zumeist Fotos)\u00a0sind urheberrechtlich gesch\u00fctzt,\u00a0\u00a0 wodurch jede widerrechtliche Verwendung in Printmedien oder\u00a0im Web\u00a0von vornherein unterbunden ist und im Falle der Nichteinhaltung\u00a0entsprechende\u00a0Ma\u00dfnahmen eingeleitet werden k\u00f6nnen.<\/p>\n<p>F\u00fcr den Inhalt verantwortich: 100 Marathon Club Austria.<\/p>\n","protected":false},"excerpt":{"rendered":"<p>Information gem\u00e4\u00df \u00a7 5 E-Commerce-Gesetzes und Offenlegung gem\u00e4\u00df \u00a7 25 Medien-Gesetzes: Es wird\u00a0darauf hingewiesen, dass keine Haftung oder Garantie f\u00fcr die Aktualit\u00e4t, Richtigkeit und Vollst\u00e4ndigkeit der zur Verf\u00fcgung gestellten Informationen\u00a0\u00fcbernommen wird. Davon betroffen sind auch\u00a0die Inhalte externer Websites (Links),\u00a0auf die hier verwiesen wird.\u00a0Der Betreiber\u00a0dieser Wesite hat keinerlei Einfluss auf die Gestaltung und die Inhalte der &hellip; <a href=\"http:\/\/www.100marathonclub.at\/?page_id=105\" class=\"more-link\"><span class=\"screen-reader-text\">Impressum<\/span> weiterlesen <span class=\"meta-nav\">&rarr;<\/span><\/a><\/p>\n","protected":false},"author":1,"featured_media":0,"parent":0,"menu_order":12,"comment_status":"closed","ping_status":"closed","template":"","meta":[],"_links":{"self":[{"href":"http:\/\/www.100marathonclub.at\/index.php?rest_route=\/wp\/v2\/pages\/105"}],"collection":[{"href":"http:\/\/www.100marathonclub.at\/index.php?rest_route=\/wp\/v2\/pages"}],"about":[{"href":"http:\/\/www.100marathonclub.at\/index.php?rest_route=\/wp\/v2\/types\/page"}],"author":[{"embeddable":true,"href":"http:\/\/www.100marathonclub.at\/index.php?rest_route=\/wp\/v2\/users\/1"}],"replies":[{"embeddable":true,"href":"http:\/\/www.100marathonclub.at\/index.php?rest_route=%2Fwp%2Fv2%2Fcomments&post=105"}],"version-history":[{"count":5,"href":"http:\/\/www.100marathonclub.at\/index.php?rest_route=\/wp\/v2\/pages\/105\/revisions"}],"predecessor-version":[{"id":8107,"href":"http:\/\/www.100marathonclub.at\/index.php?rest_route=\/wp\/v2\/pages\/105\/revisions\/8107"}],"wp:attachment":[{"href":"http:\/\/www.100marathonclub.at\/index.php?rest_route=%2Fwp%2Fv2%2Fmedia&parent=105"}],"curies":[{"name":"wp","href":"https:\/\/api.w.org\/{rel}","templated":true}]}}