{"id":10159,"date":"2016-01-03T14:28:22","date_gmt":"2016-01-03T13:28:22","guid":{"rendered":"http:\/\/www.100marathonclub.at\/?page_id=10159"},"modified":"2016-09-26T22:42:11","modified_gmt":"2016-09-26T21:42:11","slug":"eintraege-122014-32014","status":"publish","type":"page","link":"http:\/\/www.100marathonclub.at\/?page_id=10159","title":{"rendered":"Eintr\u00e4ge 03 &#8211; 12\/2014"},"content":{"rendered":"<p>Videolink zum <strong>13. Marathon<\/strong> in<strong> Zilina<\/strong> am <strong>20.12.2014<\/strong>: <a href=\"http:\/\/www.binrun.sk\/foto-video\/vianocny-beh-zilina-ocami-kamery.html\">http:\/\/www.binrun.sk\/foto-video\/vianocny-beh-zilina-ocami-kamery.html<\/a>\u00a0sowie auf youtube: <a href=\"https:\/\/www.youtube.com\/watch?v=K8a6RIbbPpQ\" data-rel=\"lightbox-video-0\">https:\/\/www.youtube.com\/watch?v=K8a6RIbbPpQ<\/a><\/p>\n<hr \/>\n<p><strong>Doppelveranstaltung<\/strong> in <strong>Calderara di Reno<\/strong>: Als Draufgabe zum <strong>14. Silvestermarathon<\/strong> in Calderara di Reno (ein Vorort im Norden von Bologna) wird erstmals auch ein <strong>Neujahrsmarathon<\/strong> angeboten. Wie am Vortag sind auf einem Rundkurs von 3530 m zun\u00e4chst 11 Runden und anschlie\u00dfend noch eine etwas k\u00fcrzere Runde mit 3365 m zu bew\u00e4ltigen \u2013 bei gro\u00dfz\u00fcgigen 6 \u00bd Stunden \u00d6ffnungszeit des Marathons sollte dies auch jenen gelingen, die am Silvester nach dem Lauf ausgiebig und lange gefeiert haben. Die M\u00f6glichkeit zur Nachnominierung f\u00fcr den 31.12. besteht, falls die Teilnehmeranzahl von 50 f\u00fcr den Silvestermarathon noch nicht erreicht wurde. Ebenso k\u00f6nnten noch Startpl\u00e4tze f\u00fcr den 1.J\u00e4nner verf\u00fcgbar sein. Informationen \u00a0unter <a href=\"mailto:maratona.calderara@alice.it\">maratona.calderara@alice.it<\/a> (Gianfranco Gozzi) sowie auf der homepage: <a href=\"http:\/\/www.lippomaratona.com\/\">www.lippomaratona.com\/<\/a> +++ 28.12.14 \/ Admin +++<\/p>\n<hr \/>\n<p>Bei starkem Westwind finishte Werner KROER zum Ausklang seines strapazi\u00f6sen, aber sehr erfolgreichen Marathonjahres 2014 (29 Marathons, davon 10 an 10 aufeinanderfolgenden Tagen im Hochsommer in Orta mit Zeiten um 4:30 (!) und einen Ultrabewerb) den 13. Zilina-Weihnachtslauf \u00fcber 42,195 km\u00a0 in 4:40:44 (nach sportsofttiming.sk).\u00a0Werner belegt\u00a0in der Marathon-Austria-Statistik den gut abgesicherten\u00a02. Platz.\u00a0Anton REITER kam in Zilina nach 4:54:44 Stunden ins Ziel. Bemerkenswert war, dass bei diesen Marathon auf Einladung des SK Zilina keine Startgeb\u00fchr eingehoben wurde und ca. 600 L\u00e4ufer in allen Disziplinen auch noch eine Gratissuppe mit Brot erhielten. +++ 20.12.14\/ Admin +++<\/p>\n<hr \/>\n<p>Das Marathonjahr 2014 hat f\u00fcr viele schon mit dem Bewerb in Florenz Ende November oder weiteren j\u00fcngsten Marathon-Events in Italien wie z.B. in Latina oder Reggio Emilia letzten Sonntag seinen Ausklang gefunden. Wer in \u00dcbersee unter anderen klimatischen Verh\u00e4ltnissen wie z.B. am 7.12. in Singapur wie die Bloggerin Priscilla Chew gelaufen ist und als Pressevertreterin Haile Gebrselassie traf und interviewte (<a href=\"http:\/\/www.prischew.com\/running\/scms2014-fans-meet-haile-gebrselassie\/\">www.prischew.com\/running\/scms2014-fans-meet-haile-gebrselassie\/<\/a> sowie <a href=\"http:\/\/www.prischew.com\/running\/scms2014-haile-gebrselassie-in-singapore\">www.prischew.com\/running\/scms2014-haile-gebrselassie-in-singapore<\/a>), klagte vielleicht \u00fcber die gro\u00dfe Hitze. Dennoch finden auch um die Weihnachtszeit und zu Silvester in unseren Breiten Marathons statt wie jener kommenden Samstag in der slowakischen Stadt <strong>Zilina<\/strong>, ca. 200 km von Bratislava entfernt, f\u00fcr den sich auch Mitglieder des 100 MC AUT registriert haben. Bei den drei Bewerben (8km, HM und Marathon) werden \u00fcber 250 Starter erwartet. Sp\u00e4tentschlossene k\u00f6nnen sich auch vor Ort nachmelden. +++ 16.12.14\/Admin +++<\/p>\n<hr \/>\n<p><strong>Werner KROER<\/strong> finishte den 4. Adria Advent Marathon in <strong>Crikvenica<\/strong> in <strong>4:18:39<\/strong> (9. Platz unter M55, 151 Finisher). Herzliche Gratulation dazu und zum insgesamt 28. Marathon (plus einen Ultramarathon) im heurigen Jahr. Werner peilt die Zahl 30+ an und ist somit ein ernster Anw\u00e4rter\u00a0auf den ersten Platz in der\u00a0Marathonsammlerjahreswertung 2014 auf marathonaustria.com. Auch <strong>Franz LANG<\/strong> war\u00a0in Crikvenica und finishte seinen bisher 137. Marathon trotz str\u00f6menden Regens auf den letzten Kilometern\u00a0 in guten 4:48:05. +++ 30.11.14 \/Admin +++<\/p>\n<hr \/>\n<p>Wir w\u00fcnschen dem <strong>Werner KROER<\/strong> beim kommenden <strong>4. Adventmarathon<\/strong> am 30. November im kroatischen <strong>Crikvenica<\/strong> ca. 35 km von Rijeka entfernt ein besseres Laufwetter als 2012 (Regen und Schnee) und 2013 (orkanartige B\u00f6en des gef\u00fcrchteten Bora-Fallwindes). Der Kurs ist au\u00dferdem anspruchsvoll wellig, doch Werner ist heuer in anhaltend guter Form. +++ 27.11.14 \/Admin +++<\/p>\n<hr \/>\n<p>Extremsportler <strong>Helmut LINZBICHLER<\/strong> plant n\u00e4chstes Jahr in<strong> Graz<\/strong><\/p>\n","protected":false},"excerpt":{"rendered":"<p>Videolink zum 13. Marathon in Zilina am 20.12.2014: http:\/\/www.binrun.sk\/foto-video\/vianocny-beh-zilina-ocami-kamery.html\u00a0sowie auf youtube: https:\/\/www.youtube.com\/watch?v=K8a6RIbbPpQ Doppelveranstaltung in Calderara di Reno: Als Draufgabe zum 14. Silvestermarathon in Calderara di Reno (ein Vorort im Norden von Bologna) wird erstmals auch ein Neujahrsmarathon angeboten. Wie am Vortag sind auf einem Rundkurs von 3530 m zun\u00e4chst 11 Runden und anschlie\u00dfend noch eine &hellip; <a href=\"http:\/\/www.100marathonclub.at\/?page_id=10159\" class=\"more-link\"><span class=\"screen-reader-text\">Eintr\u00e4ge 03 &#8211; 12\/2014<\/span> weiterlesen <span class=\"meta-nav\">&rarr;<\/span><\/a><\/p>\n","protected":false},"author":1,"featured_media":0,"parent":0,"menu_order":0,"comment_status":"open","ping_status":"closed","template":"","meta":[],"_links":{"self":[{"href":"http:\/\/www.100marathonclub.at\/index.php?rest_route=\/wp\/v2\/pages\/10159"}],"collection":[{"href":"http:\/\/www.100marathonclub.at\/index.php?rest_route=\/wp\/v2\/pages"}],"about":[{"href":"http:\/\/www.100marathonclub.at\/index.php?rest_route=\/wp\/v2\/types\/page"}],"author":[{"embeddable":true,"href":"http:\/\/www.100marathonclub.at\/index.php?rest_route=\/wp\/v2\/users\/1"}],"replies":[{"embeddable":true,"href":"http:\/\/www.100marathonclub.at\/index.php?rest_route=%2Fwp%2Fv2%2Fcomments&post=10159"}],"version-history":[{"count":2,"href":"http:\/\/www.100marathonclub.at\/index.php?rest_route=\/wp\/v2\/pages\/10159\/revisions"}],"predecessor-version":[{"id":11668,"href":"http:\/\/www.100marathonclub.at\/index.php?rest_route=\/wp\/v2\/pages\/10159\/revisions\/11668"}],"wp:attachment":[{"href":"http:\/\/www.100marathonclub.at\/index.php?rest_route=%2Fwp%2Fv2%2Fmedia&parent=10159"}],"curies":[{"name":"wp","href":"https:\/\/api.w.org\/{rel}","templated":true}]}}